{"id":4419,"date":"2025-03-09T11:03:11","date_gmt":"2025-03-09T10:03:11","guid":{"rendered":"https:\/\/wp.iparl.de\/?page_id=4419"},"modified":"2025-03-11T13:53:37","modified_gmt":"2025-03-11T12:53:37","slug":"newsletter-registration","status":"publish","type":"page","link":"https:\/\/www.iparl.de\/en\/aktuelles\/newsletter-anmeldung\/","title":{"rendered":"Newsletter registration"},"content":{"rendered":"<div class=\"caldera-grid\" id=\"caldera_form_1\" data-cf-ver=\"1.9.8\" data-cf-form-id=\"CF6602c3814c151\"><div id=\"caldera_notices_1\" data-spinner=\"https:\/\/www.iparl.de\/wp-admin\/images\/spinner.gif\"><\/div><form data-instance=\"1\" class=\"CF6602c3814c151 caldera_forms_form cfajax-trigger\" method=\"POST\" enctype=\"multipart\/form-data\" id=\"CF6602c3814c151_1\" data-form-id=\"CF6602c3814c151\" aria-label=\"Newsletteranmeldung\" data-target=\"#caldera_notices_1\" data-template=\"#cfajax_CF6602c3814c151-tmpl\" data-cfajax=\"CF6602c3814c151\" data-load-element=\"_parent\" data-load-class=\"cf_processing\" data-post-disable=\"0\" data-action=\"cf_process_ajax_submit\" data-request=\"https:\/\/www.iparl.de\/en\/cf-api\/CF6602c3814c151\" data-hiderows=\"true\">\r\n<input type=\"hidden\" id=\"_cf_verify_CF6602c3814c151\" name=\"_cf_verify\" value=\"ce1bd146c2\"  data-nonce-time=\"1776402730\" \/><input type=\"hidden\" name=\"_wp_http_referer\" value=\"\/en\/wp-json\/wp\/v2\/pages\/4419\" \/><div id=\"cf2-CF6602c3814c151_1\"><\/div><input type=\"hidden\" name=\"_cf_frm_id\" value=\"CF6602c3814c151\">\r\n<input type=\"hidden\" name=\"_cf_frm_ct\" value=\"1\">\r\n<input type=\"hidden\" name=\"cfajax\" value=\"CF6602c3814c151\">\r\n<input type=\"hidden\" name=\"_cf_cr_pst\" value=\"4419\">\r\n<div class=\"hide\" style=\"display:none; overflow:hidden;height:0;width:0;\">\r\n<label>Url<\/label><input type=\"text\" name=\"url\" value=\"\" autocomplete=\"off\">\r\n<\/div><div id=\"CF6602c3814c151_1-row-1\"  class=\"row  first_row\"><div  class=\"col-sm-12  single\"><div class=\"html_nl_intro\"><p>Mit unserem Newsletter informieren wir Sie regelm\u00e4\u00dfig \u00fcber neue Ausgaben unseres Podcast \u201eZwischenruf\u201c, unsere Reihe \u201eBlickpunkt\u201c, Ver\u00f6ffentlichungen, Medienbeitr\u00e4ge sowie Veranstaltungen des IParl. <\/p>\n<\/div><\/div><\/div><div id=\"CF6602c3814c151_1-row-2\"  class=\"row \"><div  class=\"col-sm-3  first_col\"><div data-field-wrapper=\"fld_6295417\" class=\"form-group\" id=\"fld_6295417_1-wrap\">\r\n\t<label id=\"fld_6295417Label\" for=\"fld_6295417_1\" class=\"control-label\">Anrede<\/label>\r\n\t<div class=\"\">\r\n\t\t<select name=\"fld_6295417\" value=\"\" data-field=\"fld_6295417\" class=\"form-control\" id=\"fld_6295417_1\"    aria-labelledby=\"fld_6295417Label\" >\n\t\t<option value=\"\"><\/option>\r\n\t\t\t\t\t<option value=\"1\"  data-calc-value=\"1\" >\n\t\t\t\t\t\tFrau\t\t\t\t\t<\/option>\n\t\t\t\t\t\t\t\t\t\t<option value=\"2\"  data-calc-value=\"2\" >\n\t\t\t\t\t\tHerr\t\t\t\t\t<\/option>\n\t\t\t\t\t\t\t\t\t\t<option value=\"3\"  data-calc-value=\"3\" >\n\t\t\t\t\t\tdivers\t\t\t\t\t<\/option>\n\t\t\t\t\t\t\t\t\t\t<option value=\"4\"  data-calc-value=\"4\" >\n\t\t\t\t\t\tMs\t\t\t\t\t<\/option>\n\t\t\t\t\t\t\t\t\t\t<option value=\"5\"  data-calc-value=\"5\" >\n\t\t\t\t\t\tMr\t\t\t\t\t<\/option>\n\t\t\t\t\t\t\t\t\t\t<option value=\"6\"  data-calc-value=\"6\" >\n\t\t\t\t\t\tMme.\t\t\t\t\t<\/option>\n\t\t\t\t\t\t\t\t\t\t<option value=\"7\"  data-calc-value=\"7\" >\n\t\t\t\t\t\tM.\t\t\t\t\t<\/option>\n\t\t\t\t\t\t\t<\/select>\n\t\t\t<\/div>\r\n<\/div>\r\n<div data-field-wrapper=\"fld_6778881\" class=\"form-group\" id=\"fld_6778881_1-wrap\">\r\n\t<label id=\"fld_6778881Label\" for=\"fld_6778881_1\" class=\"control-label\">Titel<\/label>\r\n\t<div class=\"\">\r\n\t\t<input    type=\"text\" data-field=\"fld_6778881\" class=\" form-control\" id=\"fld_6778881_1\" name=\"fld_6778881\" value=\"\" data-type=\"text\"   aria-labelledby=\"fld_6778881Label\" >\t\t\t<\/div>\r\n<\/div>\r\n<\/div><div  class=\"col-sm-3 \"><\/div><div  class=\"col-sm-6  last_col\"><\/div><\/div><div id=\"CF6602c3814c151_1-row-3\"  class=\"row \"><div  class=\"col-sm-12  single\"><div data-field-wrapper=\"first_name\" class=\"form-group contact_firstname\" id=\"first_name_1-wrap\">\r\n\t<label id=\"first_nameLabel\" for=\"first_name_1\" class=\"control-label\">Vorname<\/label>\r\n\t<div class=\"\">\r\n\t\t<input    type=\"text\" data-field=\"first_name\" class=\" form-control\" id=\"first_name_1\" name=\"first_name\" value=\"\" data-type=\"text\"   aria-labelledby=\"first_nameLabel\" >\t\t\t<\/div>\r\n<\/div>\r\n<div data-field-wrapper=\"last_name\" class=\"form-group contact_lastname\" id=\"last_name_1-wrap\">\r\n\t<label id=\"last_nameLabel\" for=\"last_name_1\" class=\"control-label\">Nachname<\/label>\r\n\t<div class=\"\">\r\n\t\t<input    type=\"text\" data-field=\"last_name\" class=\" form-control\" id=\"last_name_1\" name=\"last_name\" value=\"\" data-type=\"text\"   aria-labelledby=\"last_nameLabel\" >\t\t\t<\/div>\r\n<\/div>\r\n<div data-field-wrapper=\"contact_email\" class=\"form-group contact_email\" id=\"contact_email_1-wrap\">\r\n\t<label id=\"contact_emailLabel\" for=\"contact_email_1\" class=\"control-label\">E-Mail <span aria-hidden=\"true\" role=\"presentation\" class=\"field_required\" style=\"color:#ee0000;\">*<\/span><\/label>\r\n\t<div class=\"\">\r\n\t\t<input   required type=\"email\" data-field=\"contact_email\" class=\" form-control\" id=\"contact_email_1\" name=\"contact_email\" value=\"\" data-type=\"email\" aria-required=\"true\"   aria-labelledby=\"contact_emailLabel\" >\t\t\t<\/div>\r\n<\/div>\r\n<span class=\"caldera-forms-conditional-field\" role=\"region\" aria-live=\"polite\" id=\"conditional_fld_8863827_1\" data-field-id=\"fld_8863827_1\"><\/span><span class=\"caldera-forms-conditional-field\" role=\"region\" aria-live=\"polite\" id=\"conditional_fld_9750566_1\" data-field-id=\"fld_9750566_1\"><\/span><\/div><\/div><div id=\"CF6602c3814c151_1-row-4\"  class=\"row \"><div  class=\"col-sm-12  single\"><div class=\"html_nl_outro\"><p>Mit Ihrer Anmeldung best\u00e4tigen Sie Ihr Einverst\u00e4ndnis zum Erhalt des Newsletters. Wir verarbeiten Ihre Daten vertraulich und nur gem\u00e4\u00df der gesetzlichen Bestimmungen. Weitere Informationen entnehmen Sie unserer <a href=\"https:\/\/www.swud.org\/de\/datenschutz.html\" title=\"Datenschutzerkl\u00e4rung\" target=\"_blank\">Datenschutzerkl\u00e4rung<\/a>.<\/p>\n<\/div><\/div><\/div><div id=\"CF6602c3814c151_1-row-5\"  class=\"row  last_row\"><div  class=\"col-sm-12  single\"><div class=\"\"><p><span style=\"color:#ee0000;\"><strong>*<\/strong><\/span> Pflichtfeld<\/p>\n<\/div><div data-field-wrapper=\"fld_803458\" class=\"form-group submit_button\" id=\"fld_803458_1-wrap\">\r\n<div class=\"\">\r\n\t<input  class=\"button\" type=\"submit\" name=\"fld_803458\" id=\"fld_803458_1\" value=\"Anmeldung absenden\" data-field=\"fld_803458\"  >\n<\/div>\r\n<\/div>\r\n\t<input class=\"button_trigger_1\" type=\"hidden\" name=\"fld_803458\" id=\"fld_803458_1_btn\" value=\"\" data-field=\"fld_803458\"  \/>\n<\/div><\/div><\/form>\r\n<\/div>\r\n<script type=\"text\/javascript\">\r\nif( typeof caldera_conditionals === \"undefined\" ){ var caldera_conditionals = {}; }caldera_conditionals.CF6602c3814c151_1 = {\"fld_8863827_1\":{\"type\":\"show\",\"group\":{\"rw_vcdnwcohhh\":{\"cl_ojajfhoscef\":{\"id\":\"cl_ojajfhoscef\",\"field\":\"contact_email\",\"value\":\"\",\"compare\":\"isnot\",\"parent\":\"rw_vcdnwcohhh\"}}}},\"fld_9750566_1\":{\"type\":\"show\",\"group\":{\"rw_vcdnwcohhh\":{\"cl_ojajfhoscef\":{\"id\":\"cl_ojajfhoscef\",\"field\":\"contact_email\",\"value\":\"\",\"compare\":\"isnot\",\"parent\":\"rw_vcdnwcohhh\"}}}}};\r\n<\/script>\r\n<script type=\"text\/html\" id=\"conditional-fld_8863827_1-tmpl\">\r\n<hr id=\"fld_8863827_1\" class=\"\" style=\"width: 100%\" \/><\/script>\r\n\r\n<script type=\"text\/html\" id=\"conditional-fld_9750566_1-tmpl\">\r\n\n<div data-field-wrapper=\"fld_9750566\" class=\"form-group\" id=\"fld_9750566_1-wrap\">\r\n\t<label id=\"fld_9750566Label\" for=\"fld_9750566_1\" class=\"control-label\">Sicherheitsabfrage zum Spamschutz <span aria-hidden=\"true\" role=\"presentation\" class=\"field_required\" style=\"color:#ee0000;\">*<\/span><\/label>\r\n\t<div class=\"\">\r\n\t\t<input  type=\"hidden\" name=\"cfscf[fld_9750566495]\" value=\"fld_9750566\">\n\t\t9 + 5 = <input autocomplete=\"off\" style=\"max-width: 50px; display: inline;\" type=\"text\" data-field=\"fld_9750566\" class=\"form-control\" id=\"fld_9750566_1\" name=\"fld_9750566\" value=\"\" required>\n\t\t\t<\/div>\r\n<\/div>\r\n<\/script>\r\n\n","protected":false},"excerpt":{"rendered":"","protected":false},"author":6,"featured_media":0,"parent":274,"menu_order":10,"comment_status":"closed","ping_status":"closed","template":"","meta":{"_acf_changed":false,"footnotes":""},"class_list":["post-4419","page","type-page","status-publish","hentry"],"acf":[],"yoast_head":"<!-- This site is optimized with the Yoast SEO plugin v27.2 - https:\/\/yoast.com\/product\/yoast-seo-wordpress\/ -->\n<title>Newsletter Anmeldung - IParl<\/title>\n<meta name=\"robots\" content=\"index, follow, max-snippet:-1, max-image-preview:large, max-video-preview:-1\" \/>\n<link rel=\"canonical\" href=\"https:\/\/www.iparl.de\/en\/current\/newsletter-registration\/\" \/>\n<meta property=\"og:locale\" content=\"en_GB\" \/>\n<meta property=\"og:type\" content=\"article\" \/>\n<meta property=\"og:title\" content=\"Newsletter Anmeldung - IParl\" \/>\n<meta property=\"og:url\" content=\"https:\/\/www.iparl.de\/en\/current\/newsletter-registration\/\" \/>\n<meta property=\"og:site_name\" content=\"IParl\" \/>\n<meta property=\"article:modified_time\" content=\"2025-03-11T12:53:37+00:00\" \/>\n<meta name=\"twitter:card\" content=\"summary_large_image\" \/>\n<meta name=\"twitter:label1\" content=\"Estimated reading time\" \/>\n\t<meta name=\"twitter:data1\" content=\"1 minute\" \/>\n<script type=\"application\/ld+json\" class=\"yoast-schema-graph\">{\"@context\":\"https:\/\/schema.org\",\"@graph\":[{\"@type\":\"WebPage\",\"@id\":\"https:\/\/www.iparl.de\/aktuelles\/newsletter-anmeldung\/\",\"url\":\"https:\/\/www.iparl.de\/aktuelles\/newsletter-anmeldung\/\",\"name\":\"Newsletter Anmeldung - IParl\",\"isPartOf\":{\"@id\":\"https:\/\/www.iparl.de\/#website\"},\"datePublished\":\"2025-03-09T10:03:11+00:00\",\"dateModified\":\"2025-03-11T12:53:37+00:00\",\"breadcrumb\":{\"@id\":\"https:\/\/www.iparl.de\/aktuelles\/newsletter-anmeldung\/#breadcrumb\"},\"inLanguage\":\"en-GB\",\"potentialAction\":[{\"@type\":\"ReadAction\",\"target\":[\"https:\/\/www.iparl.de\/aktuelles\/newsletter-anmeldung\/\"]}]},{\"@type\":\"BreadcrumbList\",\"@id\":\"https:\/\/www.iparl.de\/aktuelles\/newsletter-anmeldung\/#breadcrumb\",\"itemListElement\":[{\"@type\":\"ListItem\",\"position\":1,\"name\":\"Startseite\",\"item\":\"https:\/\/www.iparl.de\/\"},{\"@type\":\"ListItem\",\"position\":2,\"name\":\"Aktuelles\",\"item\":\"https:\/\/www.iparl.de\/aktuelles\/\"},{\"@type\":\"ListItem\",\"position\":3,\"name\":\"Newsletter Anmeldung\"}]},{\"@type\":\"WebSite\",\"@id\":\"https:\/\/www.iparl.de\/#website\",\"url\":\"https:\/\/www.iparl.de\/\",\"name\":\"IParl\",\"description\":\"Institut f\u00fcr Parlamentarismusforschung (IParl)\",\"potentialAction\":[{\"@type\":\"SearchAction\",\"target\":{\"@type\":\"EntryPoint\",\"urlTemplate\":\"https:\/\/www.iparl.de\/?s={search_term_string}\"},\"query-input\":{\"@type\":\"PropertyValueSpecification\",\"valueRequired\":true,\"valueName\":\"search_term_string\"}}],\"inLanguage\":\"en-GB\"}]}<\/script>\n<!-- \/ Yoast SEO plugin. -->","yoast_head_json":{"title":"Newsletter registration - IParl","robots":{"index":"index","follow":"follow","max-snippet":"max-snippet:-1","max-image-preview":"max-image-preview:large","max-video-preview":"max-video-preview:-1"},"canonical":"https:\/\/www.iparl.de\/en\/current\/newsletter-registration\/","og_locale":"en_GB","og_type":"article","og_title":"Newsletter Anmeldung - IParl","og_url":"https:\/\/www.iparl.de\/en\/current\/newsletter-registration\/","og_site_name":"IParl","article_modified_time":"2025-03-11T12:53:37+00:00","twitter_card":"summary_large_image","twitter_misc":{"Estimated reading time":"1 minute"},"schema":{"@context":"https:\/\/schema.org","@graph":[{"@type":"WebPage","@id":"https:\/\/www.iparl.de\/aktuelles\/newsletter-anmeldung\/","url":"https:\/\/www.iparl.de\/aktuelles\/newsletter-anmeldung\/","name":"Newsletter registration - IParl","isPartOf":{"@id":"https:\/\/www.iparl.de\/#website"},"datePublished":"2025-03-09T10:03:11+00:00","dateModified":"2025-03-11T12:53:37+00:00","breadcrumb":{"@id":"https:\/\/www.iparl.de\/aktuelles\/newsletter-anmeldung\/#breadcrumb"},"inLanguage":"en-GB","potentialAction":[{"@type":"ReadAction","target":["https:\/\/www.iparl.de\/aktuelles\/newsletter-anmeldung\/"]}]},{"@type":"BreadcrumbList","@id":"https:\/\/www.iparl.de\/aktuelles\/newsletter-anmeldung\/#breadcrumb","itemListElement":[{"@type":"ListItem","position":1,"name":"Startseite","item":"https:\/\/www.iparl.de\/"},{"@type":"ListItem","position":2,"name":"Aktuelles","item":"https:\/\/www.iparl.de\/aktuelles\/"},{"@type":"ListItem","position":3,"name":"Newsletter Anmeldung"}]},{"@type":"WebSite","@id":"https:\/\/www.iparl.de\/#website","url":"https:\/\/www.iparl.de\/","name":"IParl","description":"Institute for Parliamentary Research (IParl)","potentialAction":[{"@type":"SearchAction","target":{"@type":"EntryPoint","urlTemplate":"https:\/\/www.iparl.de\/?s={search_term_string}"},"query-input":{"@type":"PropertyValueSpecification","valueRequired":true,"valueName":"search_term_string"}}],"inLanguage":"en-GB"}]}},"_links":{"self":[{"href":"https:\/\/www.iparl.de\/en\/wp-json\/wp\/v2\/pages\/4419","targetHints":{"allow":["GET"]}}],"collection":[{"href":"https:\/\/www.iparl.de\/en\/wp-json\/wp\/v2\/pages"}],"about":[{"href":"https:\/\/www.iparl.de\/en\/wp-json\/wp\/v2\/types\/page"}],"author":[{"embeddable":true,"href":"https:\/\/www.iparl.de\/en\/wp-json\/wp\/v2\/users\/6"}],"replies":[{"embeddable":true,"href":"https:\/\/www.iparl.de\/en\/wp-json\/wp\/v2\/comments?post=4419"}],"version-history":[{"count":0,"href":"https:\/\/www.iparl.de\/en\/wp-json\/wp\/v2\/pages\/4419\/revisions"}],"up":[{"embeddable":true,"href":"https:\/\/www.iparl.de\/en\/wp-json\/wp\/v2\/pages\/274"}],"wp:attachment":[{"href":"https:\/\/www.iparl.de\/en\/wp-json\/wp\/v2\/media?parent=4419"}],"curies":[{"name":"wp","href":"https:\/\/api.w.org\/{rel}","templated":true}]}}