{"id":299,"date":"2024-06-03T16:29:06","date_gmt":"2024-06-03T14:29:06","guid":{"rendered":"https:\/\/wp.iparl.de\/?page_id=299"},"modified":"2025-06-12T14:33:55","modified_gmt":"2025-06-12T12:33:55","slug":"imprint","status":"publish","type":"page","link":"https:\/\/www.iparl.de\/en\/impressum\/","title":{"rendered":"Imprint"},"content":{"rendered":"<div data-elementor-type=\"wp-page\" data-elementor-id=\"299\" class=\"elementor elementor-299\" data-elementor-post-type=\"page\">\n\t\t\t\t\t\t<section class=\"ob-is-breaking-bad elementor-section elementor-top-section elementor-element elementor-element-025a157 elementor-section-boxed elementor-section-height-default elementor-section-height-default\" data-id=\"025a157\" data-element_type=\"section\" data-e-type=\"section\" data-settings=\"{&quot;jet_parallax_layout_list&quot;:[],&quot;_ob_bbad_use_it&quot;:&quot;yes&quot;,&quot;_ob_bbad_sssic_use&quot;:&quot;no&quot;}\">\n\t\t\t\t\t\t<div class=\"elementor-container elementor-column-gap-default\">\n\t\t\t\t\t<div class=\"elementor-column elementor-col-100 elementor-top-column elementor-element elementor-element-d9a52aa\" data-id=\"d9a52aa\" data-element_type=\"column\" data-e-type=\"column\" data-settings=\"{&quot;_ob_bbad_is_stalker&quot;:&quot;no&quot;}\">\n\t\t\t<div class=\"elementor-widget-wrap elementor-element-populated\">\n\t\t\t\t\t\t<div class=\"elementor-element elementor-element-45d6f33 elementor-widget elementor-widget-heading\" data-id=\"45d6f33\" data-element_type=\"widget\" data-e-type=\"widget\" data-settings=\"{&quot;_ob_widget_stalker_use&quot;:&quot;no&quot;}\" data-widget_type=\"heading.default\">\n\t\t\t\t<div class=\"elementor-widget-container\">\n\t\t\t\t\t<h1 class=\"elementor-heading-title elementor-size-default\">Imprint<\/h1>\t\t\t\t<\/div>\n\t\t\t\t<\/div>\n\t\t\t\t<section class=\"ob-is-breaking-bad ob-bb-inner elementor-section elementor-inner-section elementor-element elementor-element-36f3615 elementor-section-boxed elementor-section-height-default elementor-section-height-default\" data-id=\"36f3615\" data-element_type=\"section\" data-e-type=\"section\" data-settings=\"{&quot;jet_parallax_layout_list&quot;:[],&quot;_ob_bbad_use_it&quot;:&quot;yes&quot;,&quot;_ob_bbad_sssic_use&quot;:&quot;no&quot;}\">\n\t\t\t\t\t\t<div class=\"elementor-container elementor-column-gap-default\">\n\t\t\t\t\t<div class=\"elementor-column elementor-col-100 elementor-inner-column elementor-element elementor-element-bec2ed9\" data-id=\"bec2ed9\" data-element_type=\"column\" data-e-type=\"column\" data-settings=\"{&quot;_ob_bbad_is_stalker&quot;:&quot;no&quot;}\">\n\t\t\t<div class=\"elementor-widget-wrap elementor-element-populated\">\n\t\t\t\t\t\t<div class=\"elementor-element elementor-element-5f439ba elementor-widget elementor-widget-text-editor\" data-id=\"5f439ba\" data-element_type=\"widget\" data-e-type=\"widget\" data-settings=\"{&quot;_ob_widget_stalker_use&quot;:&quot;no&quot;}\" data-widget_type=\"text-editor.default\">\n\t\t\t\t<div class=\"elementor-widget-container\">\n\t\t\t\t\t\t\t\t\t<h3>Information according to \u00a7 5 TMG<\/h3><p>Foundation Science and Democracy<br \/>Wall 40<br \/>24103 Kiel<\/p><p>Represented by<br \/>The Management Board is authorised to represent the company<br \/>Dr Astrid Kuhn, Dr Sebastian Galka, Dr Christof Eichert<\/p><h3>Contact us<\/h3><p>Phone: 030 403 634 430<br \/>Fax: 030 403 634 440<br \/>e-mail: <a href=\"\/en\/m&\/#97;&#x69;&#x6c;t&#111;&#x3a;&#x69;n&#102;&#111;&#x40;&#x69;p&#97;&#x72;&#x6c;&#46;&#100;&#x65;\">info@iparl.de<\/a><\/p><h3>Dispute resolution<\/h3><p>The European Commission provides a platform for online dispute resolution (OS): <a href=\"https:\/\/ec.europa.eu\/consumers\/odr\">https:\/\/ec.europa.eu\/consumers\/odr<\/a>.<br \/>You can find our e-mail address in the legal notice above.<br \/><br \/>We are not willing or obliged to participate in dispute resolution proceedings before a consumer arbitration board.<\/p><h3>Liability for content<\/h3><p>Our website contains links to external third-party websites over whose content we have no influence. Therefore, we cannot accept any liability for this third-party content. The respective provider or operator of the pages is always responsible for the content of the linked pages. The linked pages were checked for possible legal violations at the time of linking. Illegal contents were not recognisable at the time of linking.<br \/><br \/>However, permanent monitoring of the content of the linked pages is not reasonable without concrete evidence of an infringement. If we become aware of any legal infringements, we will remove such links immediately.<br \/><br \/><\/p><h3>Liability for links<\/h3><p>Our website contains links to external third-party websites over whose content we have no influence. Therefore, we cannot accept any liability for this third-party content. The respective provider or operator of the pages is always responsible for the content of the linked pages. The linked pages were checked for possible legal violations at the time of linking. Illegal contents were not recognisable at the time of linking.<\/p><p>However, permanent monitoring of the content of the linked pages is not reasonable without concrete evidence of an infringement. If we become aware of any legal infringements, we will remove such links immediately.<\/p><h3>Copyright<\/h3><p>The content and works created by the site operators on these pages are subject to German copyright law. Duplication, processing, distribution and any kind of utilisation outside the limits of copyright law require the written consent of the respective author or creator. Downloads and copies of this site are only permitted for private, non-commercial use.<\/p><p>Insofar as the content on this site was not created by the operator, the copyrights of third parties are respected. In particular, third-party content is labelled as such. Should you nevertheless become aware of a copyright infringement, please inform us accordingly. If we become aware of any infringements, we will remove such content immediately.<\/p><p><strong>Content design of the website<br \/><\/strong>Oliver Kannenberg<\/p><p><strong>Technical design of the website<\/strong><br \/>MARE multimedia -\u00a0<a href=\"http:\/\/www.mare-m.de\/\" target=\"_blank\" rel=\"noopener\">www.mare-m.de<\/a><\/p><p><strong>Concept<\/strong><strong>\u00a0<\/strong><br \/>Karoline Maselka -\u00a0<a title=\"Core idea\" href=\"http:\/\/www.kernidee.com\/\" target=\"_blank\" rel=\"noopener\">www.kernidee.com<\/a><\/p><p class=\"translation-block\"><strong>Bildnachweis<\/strong><br>Markus Scholz \u2013 FOTOGRAFIE \u2013\u00a0<a title=\"www.marsfoto.de\" href=\"http:\/\/www.marsfoto.de\/\" target=\"_blank\" rel=\"noopener\">www.marsfoto.de<\/a><br>Hans-J\u00f6rg Franke \u2013\u00a0<a href=\"http:\/\/www.hans-joerg-franke.de\/\" target=\"_self\">www.hans-joerg-franke.de<\/a><br>Andrey Popov \u2013 <a href=\"https:\/\/www.istockphoto.com\/de\/foto\/inklusion-und-vielfalt-bei-der-rekrutierung-fhrungsgruppe-gm1355684741-430098203\" target=\"_self\">Inklusion und Vielfalt bei der Rekrutierung. F\u00fchrungsgruppe<\/a><br>Stadtratte \u2013 <a href=\"https:\/\/www.istockphoto.com\/de\/foto\/reichstag-und-die-ampel-als-symbol-fr-die-deutsche-regierung-gm1794109570-547973122\" target=\"_self\">Reichstag und die Ampel als Symbol f\u00fcr die deutsche Regierung<\/a><br>Justhavealook \u2013 <a href=\"https:\/\/www.istockphoto.com\/de\/foto\/bundesrat-berlin-gm155014427-16899270\" target=\"_self\">Bundesrat Berlin<\/a><br>_marqs \u2013 <a href=\"https:\/\/www.istockphoto.com\/de\/foto\/flags-gm149030778-20888108\" target=\"_self\">Flags<\/a><br>t_light \u2013 <a href=\"https:\/\/www.istockphoto.com\/de\/foto\/junge-menschen-im-modernen-bro-gebude-gm153717631-21687430?searchscope=imagefilm\" target=\"_self\">Junge Menschen im modernen B\u00fcro-Geb\u00e4ude<\/a><br>wayra \u2013 <a href=\"https:\/\/www.istockphoto.com\/de\/foto\/briefwahl-in-deutschland-gm1461607603-495545915\" target=\"_self\">Briefwahl in Deutschland<\/a><br>dstaerk \u2013 <a href=\"https:\/\/www.istockphoto.com\/de\/foto\/berlin-gm478553650-67433873\" target=\"_self\">Berlin<\/a><br>Achim Schneider \/ reisezielinfo.de \u2013 <a href=\"https:\/\/www.istockphoto.com\/de\/foto\/die-deutsche-und-eu-flagge-vor-dem-markanten-bundesratsgebude-in-berlin-deutschland-gm1457050719-491919834?utm_source=pixabay&amp;utm_medium=affiliate&amp;utm_campaign=SRP_image_sponsored&amp;utm_content=httpspixabay.comdeimagessearchbundesrat&amp;utm_term=bundesrat\" target=\"_self\">Die deutsche und EU-Flagge vor dem markanten Bundesratsgeb\u00e4ude in Berlin<\/a><br>legna69 \u2013 <a href=\"https:\/\/www.istockphoto.com\/de\/foto\/plenarsaal-des-franzsischen-senats-in-paris-gm1276840647-376228792\" target=\"_self\">Plenarsaal des franz\u00f6sischen Senats in Paris<\/a><br>golero\u00a0 \u2013 <a href=\"https:\/\/www.istockphoto.com\/de\/foto\/drei-junge-leute-sitzen-vor-dem-berliner-reichstag-gm1168371649-322577197\" target=\"_self\">Drei junge Leute sitzen vor dem Berliner Reichstag<\/a><br>Bevan Goldswain \u2013 <a href=\"https:\/\/www.istockphoto.com\/de\/foto\/hand-geschfts-und-haftnotizen-mit-planung-ideen-und-kreativitt-fr-den-roman-und-gm2149038061-570257284\" target=\"_self\">Hand-, Gesch\u00e4fts- und Haftnotizen mit Planung, Ideen und Kreativit\u00e4t f\u00fcr den Roman und Zeitplan f\u00fcr das Schreiben. Person, Nahaufnahme oder Autor mit Brainstorming oder Recherche f\u00fcr die Entwicklung von Projekten, Papieren oder Geschichten<\/a><br>Rebecca Meyer \u2013 Bild von Frank Decker<\/p>\t\t\t\t\t\t\t\t<\/div>\n\t\t\t\t<\/div>\n\t\t\t\t\t<\/div>\n\t\t<\/div>\n\t\t\t\t\t<\/div>\n\t\t<\/section>\n\t\t\t\t\t<\/div>\n\t\t<\/div>\n\t\t\t\t\t<\/div>\n\t\t<\/section>\n\t\t\t\t<\/div>","protected":false},"excerpt":{"rendered":"<p>Impressum Angaben gem\u00e4\u00df \u00a7 5 TMG Stiftung Wissenschaft und DemokratieWall 4024103 Kiel Vertreten durchVertretungsberechtigt ist der VorstandDr. Astrid Kuhn, Dr. Sebastian Galka, Dr. Christof Eichert Kontakt Telefon: 030 403 634 430Telefax: 030 403 634 440E-Mail: &#x69;&#x6e;&#x66;&#x6f;&#x40;&#x69;&#x70;&#x61;&#x72;&#x6c;&#x2e;&#x64;&#x65; Streitschlichtung Die Europ\u00e4ische Kommission stellt eine Plattform zur Online-Streitbeilegung (OS) bereit: https:\/\/ec.europa.eu\/consumers\/odr.Unsere E-Mail-Adresse finden Sie oben im Impressum. Wir [&hellip;]<\/p>\n","protected":false},"author":1,"featured_media":0,"parent":0,"menu_order":33,"comment_status":"closed","ping_status":"closed","template":"","meta":{"_acf_changed":false,"footnotes":""},"class_list":["post-299","page","type-page","status-publish","hentry"],"acf":[],"yoast_head":"<!-- This site is optimized with the Yoast SEO plugin v27.2 - https:\/\/yoast.com\/product\/yoast-seo-wordpress\/ -->\n<title>Impressum - IParl<\/title>\n<meta name=\"robots\" content=\"index, follow, max-snippet:-1, max-image-preview:large, max-video-preview:-1\" \/>\n<link rel=\"canonical\" href=\"https:\/\/www.iparl.de\/en\/imprint\/\" \/>\n<meta property=\"og:locale\" content=\"en_GB\" \/>\n<meta property=\"og:type\" content=\"article\" \/>\n<meta property=\"og:title\" content=\"Impressum - IParl\" \/>\n<meta property=\"og:description\" content=\"Impressum Angaben gem\u00e4\u00df \u00a7 5 TMG Stiftung Wissenschaft und DemokratieWall 4024103 Kiel Vertreten durchVertretungsberechtigt ist der VorstandDr. Astrid Kuhn, Dr. Sebastian Galka, Dr. Christof Eichert Kontakt Telefon: 030 403 634 430Telefax: 030 403 634 440E-Mail: &#x69;&#x6e;&#102;o&#064;&#x69;&#x70;&#097;&#114;l&#x2e;&#x64;&#101; Streitschlichtung Die Europ\u00e4ische Kommission stellt eine Plattform zur Online-Streitbeilegung (OS) bereit: https:\/\/ec.europa.eu\/consumers\/odr.Unsere E-Mail-Adresse finden Sie oben im Impressum. Wir [&hellip;]\" \/>\n<meta property=\"og:url\" content=\"https:\/\/www.iparl.de\/en\/imprint\/\" \/>\n<meta property=\"og:site_name\" content=\"IParl\" \/>\n<meta property=\"article:modified_time\" content=\"2025-06-12T12:33:55+00:00\" \/>\n<meta name=\"twitter:card\" content=\"summary_large_image\" \/>\n<meta name=\"twitter:label1\" content=\"Estimated reading time\" \/>\n\t<meta name=\"twitter:data1\" content=\"3 minutes\" \/>\n<script type=\"application\/ld+json\" class=\"yoast-schema-graph\">{\"@context\":\"https:\/\/schema.org\",\"@graph\":[{\"@type\":\"WebPage\",\"@id\":\"https:\/\/www.iparl.de\/impressum\/\",\"url\":\"https:\/\/www.iparl.de\/impressum\/\",\"name\":\"Impressum - IParl\",\"isPartOf\":{\"@id\":\"https:\/\/www.iparl.de\/#website\"},\"datePublished\":\"2024-06-03T14:29:06+00:00\",\"dateModified\":\"2025-06-12T12:33:55+00:00\",\"breadcrumb\":{\"@id\":\"https:\/\/www.iparl.de\/impressum\/#breadcrumb\"},\"inLanguage\":\"en-GB\",\"potentialAction\":[{\"@type\":\"ReadAction\",\"target\":[\"https:\/\/www.iparl.de\/impressum\/\"]}]},{\"@type\":\"BreadcrumbList\",\"@id\":\"https:\/\/www.iparl.de\/impressum\/#breadcrumb\",\"itemListElement\":[{\"@type\":\"ListItem\",\"position\":1,\"name\":\"Startseite\",\"item\":\"https:\/\/www.iparl.de\/\"},{\"@type\":\"ListItem\",\"position\":2,\"name\":\"Impressum\"}]},{\"@type\":\"WebSite\",\"@id\":\"https:\/\/www.iparl.de\/#website\",\"url\":\"https:\/\/www.iparl.de\/\",\"name\":\"IParl\",\"description\":\"Institut f\u00fcr Parlamentarismusforschung (IParl)\",\"potentialAction\":[{\"@type\":\"SearchAction\",\"target\":{\"@type\":\"EntryPoint\",\"urlTemplate\":\"https:\/\/www.iparl.de\/?s={search_term_string}\"},\"query-input\":{\"@type\":\"PropertyValueSpecification\",\"valueRequired\":true,\"valueName\":\"search_term_string\"}}],\"inLanguage\":\"en-GB\"}]}<\/script>\n<!-- \/ Yoast SEO plugin. -->","yoast_head_json":{"title":"Imprint - IParl","robots":{"index":"index","follow":"follow","max-snippet":"max-snippet:-1","max-image-preview":"max-image-preview:large","max-video-preview":"max-video-preview:-1"},"canonical":"https:\/\/www.iparl.de\/en\/imprint\/","og_locale":"en_GB","og_type":"article","og_title":"Impressum - IParl","og_description":"Impressum Angaben gem\u00e4\u00df \u00a7 5 TMG Stiftung Wissenschaft und DemokratieWall 4024103 Kiel Vertreten durchVertretungsberechtigt ist der VorstandDr. Astrid Kuhn, Dr. Sebastian Galka, Dr. Christof Eichert Kontakt Telefon: 030 403 634 430Telefax: 030 403 634 440E-Mail: &#x69;&#x6e;&#102;o&#64;&#x69;&#x70;&#97;&#114;l&#x2e;&#x64;&#101; Streitschlichtung Die Europ\u00e4ische Kommission stellt eine Plattform zur Online-Streitbeilegung (OS) bereit: https:\/\/ec.europa.eu\/consumers\/odr.Unsere E-Mail-Adresse finden Sie oben im Impressum. Wir [&hellip;]","og_url":"https:\/\/www.iparl.de\/en\/imprint\/","og_site_name":"IParl","article_modified_time":"2025-06-12T12:33:55+00:00","twitter_card":"summary_large_image","twitter_misc":{"Estimated reading time":"3 minutes"},"schema":{"@context":"https:\/\/schema.org","@graph":[{"@type":"WebPage","@id":"https:\/\/www.iparl.de\/impressum\/","url":"https:\/\/www.iparl.de\/impressum\/","name":"Imprint - IParl","isPartOf":{"@id":"https:\/\/www.iparl.de\/#website"},"datePublished":"2024-06-03T14:29:06+00:00","dateModified":"2025-06-12T12:33:55+00:00","breadcrumb":{"@id":"https:\/\/www.iparl.de\/impressum\/#breadcrumb"},"inLanguage":"en-GB","potentialAction":[{"@type":"ReadAction","target":["https:\/\/www.iparl.de\/impressum\/"]}]},{"@type":"BreadcrumbList","@id":"https:\/\/www.iparl.de\/impressum\/#breadcrumb","itemListElement":[{"@type":"ListItem","position":1,"name":"Startseite","item":"https:\/\/www.iparl.de\/"},{"@type":"ListItem","position":2,"name":"Impressum"}]},{"@type":"WebSite","@id":"https:\/\/www.iparl.de\/#website","url":"https:\/\/www.iparl.de\/","name":"IParl","description":"Institute for Parliamentary Research (IParl)","potentialAction":[{"@type":"SearchAction","target":{"@type":"EntryPoint","urlTemplate":"https:\/\/www.iparl.de\/?s={search_term_string}"},"query-input":{"@type":"PropertyValueSpecification","valueRequired":true,"valueName":"search_term_string"}}],"inLanguage":"en-GB"}]}},"_links":{"self":[{"href":"https:\/\/www.iparl.de\/en\/wp-json\/wp\/v2\/pages\/299","targetHints":{"allow":["GET"]}}],"collection":[{"href":"https:\/\/www.iparl.de\/en\/wp-json\/wp\/v2\/pages"}],"about":[{"href":"https:\/\/www.iparl.de\/en\/wp-json\/wp\/v2\/types\/page"}],"author":[{"embeddable":true,"href":"https:\/\/www.iparl.de\/en\/wp-json\/wp\/v2\/users\/1"}],"replies":[{"embeddable":true,"href":"https:\/\/www.iparl.de\/en\/wp-json\/wp\/v2\/comments?post=299"}],"version-history":[{"count":3,"href":"https:\/\/www.iparl.de\/en\/wp-json\/wp\/v2\/pages\/299\/revisions"}],"predecessor-version":[{"id":5512,"href":"https:\/\/www.iparl.de\/en\/wp-json\/wp\/v2\/pages\/299\/revisions\/5512"}],"wp:attachment":[{"href":"https:\/\/www.iparl.de\/en\/wp-json\/wp\/v2\/media?parent=299"}],"curies":[{"name":"wp","href":"https:\/\/api.w.org\/{rel}","templated":true}]}}