{"id":289,"date":"2024-06-03T16:28:17","date_gmt":"2024-06-03T14:28:17","guid":{"rendered":"https:\/\/wp.iparl.de\/?page_id=289"},"modified":"2025-12-22T11:46:49","modified_gmt":"2025-12-22T10:46:49","slug":"newsletter","status":"publish","type":"page","link":"https:\/\/www.iparl.de\/en\/aktuelles\/newsletter\/","title":{"rendered":"Newsletter"},"content":{"rendered":"<div data-elementor-type=\"wp-page\" data-elementor-id=\"289\" class=\"elementor elementor-289\" data-elementor-post-type=\"page\">\n\t\t\t\t\t\t<section class=\"ob-is-breaking-bad elementor-section elementor-top-section elementor-element elementor-element-7ec35ab elementor-section-boxed elementor-section-height-default elementor-section-height-default\" data-id=\"7ec35ab\" data-element_type=\"section\" data-e-type=\"section\" data-settings=\"{&quot;jet_parallax_layout_list&quot;:[],&quot;_ob_bbad_use_it&quot;:&quot;yes&quot;,&quot;_ob_bbad_sssic_use&quot;:&quot;no&quot;}\">\n\t\t\t\t\t\t<div class=\"elementor-container elementor-column-gap-default\">\n\t\t\t\t\t<div class=\"elementor-column elementor-col-100 elementor-top-column elementor-element elementor-element-f3eafa7\" data-id=\"f3eafa7\" data-element_type=\"column\" data-e-type=\"column\" data-settings=\"{&quot;_ob_bbad_is_stalker&quot;:&quot;no&quot;}\">\n\t\t\t<div class=\"elementor-widget-wrap elementor-element-populated\">\n\t\t\t\t\t\t<div class=\"elementor-element elementor-element-187a4b2 elementor-widget elementor-widget-heading\" data-id=\"187a4b2\" data-element_type=\"widget\" data-e-type=\"widget\" data-settings=\"{&quot;_ob_widget_stalker_use&quot;:&quot;no&quot;}\" data-widget_type=\"heading.default\">\n\t\t\t\t<div class=\"elementor-widget-container\">\n\t\t\t\t\t<h1 class=\"elementor-heading-title elementor-size-default\">Newsletter<\/h1>\t\t\t\t<\/div>\n\t\t\t\t<\/div>\n\t\t\t\t<div class=\"elementor-element elementor-element-616f1a2 elementor-widget__width-initial elementor-widget elementor-widget-text-editor\" data-id=\"616f1a2\" data-element_type=\"widget\" data-e-type=\"widget\" data-settings=\"{&quot;_ob_widget_stalker_use&quot;:&quot;no&quot;}\" data-widget_type=\"text-editor.default\">\n\t\t\t\t<div class=\"elementor-widget-container\">\n\t\t\t\t\t\t\t\t\t<p><strong>With our newsletter, we inform you regularly about new editions of our podcast \"Zwischenruf\", publications, media contributions and events. You can subscribe to our mailing list via the registration link.<\/strong><\/p>\t\t\t\t\t\t\t\t<\/div>\n\t\t\t\t<\/div>\n\t\t\t\t<div class=\"elementor-element elementor-element-2b0fc1e elementor-widget elementor-widget-button\" data-id=\"2b0fc1e\" data-element_type=\"widget\" data-e-type=\"widget\" data-settings=\"{&quot;_ob_widget_stalker_use&quot;:&quot;no&quot;}\" data-widget_type=\"button.default\">\n\t\t\t\t<div class=\"elementor-widget-container\">\n\t\t\t\t\t\t\t\t\t<div class=\"elementor-button-wrapper\">\n\t\t\t\t\t<a class=\"elementor-button elementor-button-link elementor-size-sm\" href=\"https:\/\/www.iparl.de\/en\/current\/newsletter-registration\/\" target=\"_blank\">\n\t\t\t\t\t\t<span class=\"elementor-button-content-wrapper\">\n\t\t\t\t\t\t\t\t\t<span class=\"elementor-button-text\">Newsletter registration<\/span>\n\t\t\t\t\t<\/span>\n\t\t\t\t\t<\/a>\n\t\t\t\t<\/div>\n\t\t\t\t\t\t\t\t<\/div>\n\t\t\t\t<\/div>\n\t\t\t\t\t<\/div>\n\t\t<\/div>\n\t\t\t\t\t<\/div>\n\t\t<\/section>\n\t\t\t\t<section class=\"ob-is-breaking-bad elementor-section elementor-top-section elementor-element elementor-element-49900d3 elementor-section-boxed elementor-section-height-default elementor-section-height-default\" data-id=\"49900d3\" data-element_type=\"section\" data-e-type=\"section\" data-settings=\"{&quot;jet_parallax_layout_list&quot;:[],&quot;_ob_bbad_use_it&quot;:&quot;yes&quot;,&quot;_ob_bbad_sssic_use&quot;:&quot;no&quot;}\">\n\t\t\t\t\t\t<div class=\"elementor-container elementor-column-gap-default\">\n\t\t\t\t\t<div class=\"elementor-column elementor-col-100 elementor-top-column elementor-element elementor-element-7bf5857\" data-id=\"7bf5857\" data-element_type=\"column\" data-e-type=\"column\" data-settings=\"{&quot;_ob_bbad_is_stalker&quot;:&quot;no&quot;}\">\n\t\t\t<div class=\"elementor-widget-wrap elementor-element-populated\">\n\t\t\t\t\t\t<div class=\"elementor-element elementor-element-46c3110 elementor-widget elementor-widget-accordion\" data-id=\"46c3110\" data-element_type=\"widget\" data-e-type=\"widget\" data-settings=\"{&quot;_ob_widget_stalker_use&quot;:&quot;no&quot;}\" data-widget_type=\"accordion.default\">\n\t\t\t\t<div class=\"elementor-widget-container\">\n\t\t\t\t\t\t\t<div class=\"elementor-accordion\">\n\t\t\t\t\t\t\t<div class=\"elementor-accordion-item\">\n\t\t\t\t\t<div id=\"elementor-tab-title-7411\" class=\"elementor-tab-title\" data-tab=\"1\" role=\"button\" aria-controls=\"elementor-tab-content-7411\" aria-expanded=\"false\">\n\t\t\t\t\t\t\t\t\t\t\t\t\t<span class=\"elementor-accordion-icon elementor-accordion-icon-left\" aria-hidden=\"true\">\n\t\t\t\t\t\t\t\t\t\t\t\t\t\t\t<span class=\"elementor-accordion-icon-closed\"><svg class=\"e-font-icon-svg e-fas-plus\" viewbox=\"0 0 448 512\" xmlns=\"http:\/\/www.w3.org\/2000\/svg\"><path d=\"M416 208H272V64c0-17.67-14.33-32-32-32h-32c-17.67 0-32 14.33-32 32v144H32c-17.67 0-32 14.33-32 32v32c0 17.67 14.33 32 32 32h144v144c0 17.67 14.33 32 32 32h32c17.67 0 32-14.33 32-32V304h144c17.67 0 32-14.33 32-32v-32c0-17.67-14.33-32-32-32z\"><\/path><\/svg><\/span>\n\t\t\t\t\t\t\t\t<span class=\"elementor-accordion-icon-opened\"><svg class=\"e-font-icon-svg e-fas-minus\" viewbox=\"0 0 448 512\" xmlns=\"http:\/\/www.w3.org\/2000\/svg\"><path d=\"M416 208H32c-17.67 0-32 14.33-32 32v32c0 17.67 14.33 32 32 32h384c17.67 0 32-14.33 32-32v-32c0-17.67-14.33-32-32-32z\"><\/path><\/svg><\/span>\n\t\t\t\t\t\t\t\t\t\t\t\t\t\t<\/span>\n\t\t\t\t\t\t\t\t\t\t\t\t<a class=\"elementor-accordion-title\" tabindex=\"0\">Winter 2025<\/a>\n\t\t\t\t\t<\/div>\n\t\t\t\t\t<div id=\"elementor-tab-content-7411\" class=\"elementor-tab-content elementor-clearfix\" data-tab=\"1\" role=\"region\" aria-labelledby=\"elementor-tab-title-7411\"><ul><li>Zwischenruf podcast on parenthood as a Member of Parliament and petitions<\/li><li>Consultancy at the IPU and Litt Symposium on Party Democracy<\/li><li>Media reports on coalition compromises and referendums<\/li><li>Publications: Elections in Croatia and political groups in international comparison<\/li><li>Outlook: Workshop, conference and discussion forum<\/li><\/ul><p><strong><a href=\"https:\/\/aktion.swud.org\/civicrm\/?civiwp=CiviCRM&amp;q=civicrm%2Fmailing%2Fview&amp;reset=1&amp;id=171e571df13019bd&amp;cid=87&amp;cs=645fba220a0d5cfdaac094a0b3121764_1766395807_168\">IParl Newsletter Winter 2025<\/a><\/strong><\/p><\/div>\n\t\t\t\t<\/div>\n\t\t\t\t\t\t\t<div class=\"elementor-accordion-item\">\n\t\t\t\t\t<div id=\"elementor-tab-title-7412\" class=\"elementor-tab-title\" data-tab=\"2\" role=\"button\" aria-controls=\"elementor-tab-content-7412\" aria-expanded=\"false\">\n\t\t\t\t\t\t\t\t\t\t\t\t\t<span class=\"elementor-accordion-icon elementor-accordion-icon-left\" aria-hidden=\"true\">\n\t\t\t\t\t\t\t\t\t\t\t\t\t\t\t<span class=\"elementor-accordion-icon-closed\"><svg class=\"e-font-icon-svg e-fas-plus\" viewbox=\"0 0 448 512\" xmlns=\"http:\/\/www.w3.org\/2000\/svg\"><path d=\"M416 208H272V64c0-17.67-14.33-32-32-32h-32c-17.67 0-32 14.33-32 32v144H32c-17.67 0-32 14.33-32 32v32c0 17.67 14.33 32 32 32h144v144c0 17.67 14.33 32 32 32h32c17.67 0 32-14.33 32-32V304h144c17.67 0 32-14.33 32-32v-32c0-17.67-14.33-32-32-32z\"><\/path><\/svg><\/span>\n\t\t\t\t\t\t\t\t<span class=\"elementor-accordion-icon-opened\"><svg class=\"e-font-icon-svg e-fas-minus\" viewbox=\"0 0 448 512\" xmlns=\"http:\/\/www.w3.org\/2000\/svg\"><path d=\"M416 208H32c-17.67 0-32 14.33-32 32v32c0 17.67 14.33 32 32 32h384c17.67 0 32-14.33 32-32v-32c0-17.67-14.33-32-32-32z\"><\/path><\/svg><\/span>\n\t\t\t\t\t\t\t\t\t\t\t\t\t\t<\/span>\n\t\t\t\t\t\t\t\t\t\t\t\t<a class=\"elementor-accordion-title\" tabindex=\"0\">Autumn 2025<\/a>\n\t\t\t\t\t<\/div>\n\t\t\t\t\t<div id=\"elementor-tab-content-7412\" class=\"elementor-tab-content elementor-clearfix\" data-tab=\"2\" role=\"region\" aria-labelledby=\"elementor-tab-title-7412\"><ul><li>Blickpunkt for the pre-selection of Bundestag presidents<\/li><li>Election organisation meeting and visit from Syria and Lebanon<\/li><li>Media reports on the AfD in Saxony-Anhalt and PMQs in comparison<\/li><li>Publications: Opposition, Austria and the US House of Representatives<\/li><li>Outlook: Theodor Litt Symposium, colloquia and workshops<\/li><\/ul><p><strong><a href=\"https:\/\/aktion.swud.org\/civicrm\/mailing\/view\/?id=6eaa915dc201738e&amp;reset=1\">IParl Newsletter Autumn 2025<\/a><\/strong><\/p><\/div>\n\t\t\t\t<\/div>\n\t\t\t\t\t\t\t<div class=\"elementor-accordion-item\">\n\t\t\t\t\t<div id=\"elementor-tab-title-7413\" class=\"elementor-tab-title\" data-tab=\"3\" role=\"button\" aria-controls=\"elementor-tab-content-7413\" aria-expanded=\"false\">\n\t\t\t\t\t\t\t\t\t\t\t\t\t<span class=\"elementor-accordion-icon elementor-accordion-icon-left\" aria-hidden=\"true\">\n\t\t\t\t\t\t\t\t\t\t\t\t\t\t\t<span class=\"elementor-accordion-icon-closed\"><svg class=\"e-font-icon-svg e-fas-plus\" viewbox=\"0 0 448 512\" xmlns=\"http:\/\/www.w3.org\/2000\/svg\"><path d=\"M416 208H272V64c0-17.67-14.33-32-32-32h-32c-17.67 0-32 14.33-32 32v144H32c-17.67 0-32 14.33-32 32v32c0 17.67 14.33 32 32 32h144v144c0 17.67 14.33 32 32 32h32c17.67 0 32-14.33 32-32V304h144c17.67 0 32-14.33 32-32v-32c0-17.67-14.33-32-32-32z\"><\/path><\/svg><\/span>\n\t\t\t\t\t\t\t\t<span class=\"elementor-accordion-icon-opened\"><svg class=\"e-font-icon-svg e-fas-minus\" viewbox=\"0 0 448 512\" xmlns=\"http:\/\/www.w3.org\/2000\/svg\"><path d=\"M416 208H32c-17.67 0-32 14.33-32 32v32c0 17.67 14.33 32 32 32h384c17.67 0 32-14.33 32-32v-32c0-17.67-14.33-32-32-32z\"><\/path><\/svg><\/span>\n\t\t\t\t\t\t\t\t\t\t\t\t\t\t<\/span>\n\t\t\t\t\t\t\t\t\t\t\t\t<a class=\"elementor-accordion-title\" tabindex=\"0\">Summer 2025<\/a>\n\t\t\t\t\t<\/div>\n\t\t\t\t\t<div id=\"elementor-tab-content-7413\" class=\"elementor-tab-content elementor-clearfix\" data-tab=\"3\" role=\"region\" aria-labelledby=\"elementor-tab-title-7413\"><ul><li>Zwischenruf podcast on citizens' councils<\/li><li>Blickpunkt for the nomination of candidates for the 2025 Bundestag election<\/li><li>Media reports on the election and the Bundestag president<\/li><li>Publications: Berlin state and local politics under pressure<\/li><li>Outlook: Election managers' conference, specialised conferences and discussion forum<\/li><\/ul><p><strong><a href=\"https:\/\/aktion.swud.org\/civicrm\/mailing\/view\/?id=e5ac57a4772d8681&amp;reset=1\">IParl Newsletter Summer 2025<\/a><\/strong><\/p><\/div>\n\t\t\t\t<\/div>\n\t\t\t\t\t\t\t<div class=\"elementor-accordion-item\">\n\t\t\t\t\t<div id=\"elementor-tab-title-7414\" class=\"elementor-tab-title\" data-tab=\"4\" role=\"button\" aria-controls=\"elementor-tab-content-7414\" aria-expanded=\"false\">\n\t\t\t\t\t\t\t\t\t\t\t\t\t<span class=\"elementor-accordion-icon elementor-accordion-icon-left\" aria-hidden=\"true\">\n\t\t\t\t\t\t\t\t\t\t\t\t\t\t\t<span class=\"elementor-accordion-icon-closed\"><svg class=\"e-font-icon-svg e-fas-plus\" viewbox=\"0 0 448 512\" xmlns=\"http:\/\/www.w3.org\/2000\/svg\"><path d=\"M416 208H272V64c0-17.67-14.33-32-32-32h-32c-17.67 0-32 14.33-32 32v144H32c-17.67 0-32 14.33-32 32v32c0 17.67 14.33 32 32 32h144v144c0 17.67 14.33 32 32 32h32c17.67 0 32-14.33 32-32V304h144c17.67 0 32-14.33 32-32v-32c0-17.67-14.33-32-32-32z\"><\/path><\/svg><\/span>\n\t\t\t\t\t\t\t\t<span class=\"elementor-accordion-icon-opened\"><svg class=\"e-font-icon-svg e-fas-minus\" viewbox=\"0 0 448 512\" xmlns=\"http:\/\/www.w3.org\/2000\/svg\"><path d=\"M416 208H32c-17.67 0-32 14.33-32 32v32c0 17.67 14.33 32 32 32h384c17.67 0 32-14.33 32-32v-32c0-17.67-14.33-32-32-32z\"><\/path><\/svg><\/span>\n\t\t\t\t\t\t\t\t\t\t\t\t\t\t<\/span>\n\t\t\t\t\t\t\t\t\t\t\t\t<a class=\"elementor-accordion-title\" tabindex=\"0\">Spring 2025<\/a>\n\t\t\t\t\t<\/div>\n\t\t\t\t\t<div id=\"elementor-tab-content-7414\" class=\"elementor-tab-content elementor-clearfix\" data-tab=\"4\" role=\"region\" aria-labelledby=\"elementor-tab-title-7414\"><ul><li>PSA and IParl roundtable on the Bundestag elections<\/li><li>New IParl Fellows and new homepage<\/li><li>Interjection podcast on the Federal Council<\/li><li>USA: Focus on the Republican Party<\/li><li>Blog posts on the attractiveness of candidates and their path to the ballot paper<\/li><li>Media contributions about the election<\/li><li>Publications: Parliaments in France, Croatia and Zimbabwe<\/li><li>Outlook: Review of the Bundestag elections and representation in the Bundestag and second chambers<\/li><\/ul><p><strong><a href=\"https:\/\/aktion.swud.org\/civicrm\/?civiwp=CiviCRM&amp;q=civicrm%2Fmailing%2Fview&amp;reset=1&amp;id=83c9075fccc31ec9&amp;cid=100&amp;cs=2a8f81f480e55afc332b0caf2d024362_1742972409_168\">IParl Newsletter Spring 2025<\/a><\/strong><\/p><\/div>\n\t\t\t\t<\/div>\n\t\t\t\t\t\t\t<div class=\"elementor-accordion-item\">\n\t\t\t\t\t<div id=\"elementor-tab-title-7415\" class=\"elementor-tab-title\" data-tab=\"5\" role=\"button\" aria-controls=\"elementor-tab-content-7415\" aria-expanded=\"false\">\n\t\t\t\t\t\t\t\t\t\t\t\t\t<span class=\"elementor-accordion-icon elementor-accordion-icon-left\" aria-hidden=\"true\">\n\t\t\t\t\t\t\t\t\t\t\t\t\t\t\t<span class=\"elementor-accordion-icon-closed\"><svg class=\"e-font-icon-svg e-fas-plus\" viewbox=\"0 0 448 512\" xmlns=\"http:\/\/www.w3.org\/2000\/svg\"><path d=\"M416 208H272V64c0-17.67-14.33-32-32-32h-32c-17.67 0-32 14.33-32 32v144H32c-17.67 0-32 14.33-32 32v32c0 17.67 14.33 32 32 32h144v144c0 17.67 14.33 32 32 32h32c17.67 0 32-14.33 32-32V304h144c17.67 0 32-14.33 32-32v-32c0-17.67-14.33-32-32-32z\"><\/path><\/svg><\/span>\n\t\t\t\t\t\t\t\t<span class=\"elementor-accordion-icon-opened\"><svg class=\"e-font-icon-svg e-fas-minus\" viewbox=\"0 0 448 512\" xmlns=\"http:\/\/www.w3.org\/2000\/svg\"><path d=\"M416 208H32c-17.67 0-32 14.33-32 32v32c0 17.67 14.33 32 32 32h384c17.67 0 32-14.33 32-32v-32c0-17.67-14.33-32-32-32z\"><\/path><\/svg><\/span>\n\t\t\t\t\t\t\t\t\t\t\t\t\t\t<\/span>\n\t\t\t\t\t\t\t\t\t\t\t\t<a class=\"elementor-accordion-title\" tabindex=\"0\">Winter 2024<\/a>\n\t\t\t\t\t<\/div>\n\t\t\t\t\t<div id=\"elementor-tab-content-7415\" class=\"elementor-tab-content elementor-clearfix\" data-tab=\"5\" role=\"region\" aria-labelledby=\"elementor-tab-title-7415\"><ul><li>Interjection podcast on the anniversary conference \"75 years of parliamentary groups in the German Bundestag\"<\/li><li>Electoral law: New focus and explanatory video<\/li><li>Follow-up project for the nomination of candidates for the German Bundestag<\/li><li>Interviews on candidate nomination and parliaments during the pandemic<\/li><li>Registration for the spring academy<\/li><li>Research colloquium: New dates<\/li><li>Democracy and compromise<\/li><li>Publications: Elections in Great Britain and Ireland, Representation in the Bundesrat, Conflicts in the Bundestag and Jurisprudence of the Constitutional Courts<\/li><\/ul><p><strong><a href=\"https:\/\/aktion.swud.org\/civicrm\/?civiwp=CiviCRM&amp;q=civicrm%2Fmailing%2Fview&amp;reset=1&amp;id=9c5875ca94660ee7&amp;cid=100&amp;cs=7d7e25a71ad3d050dadca096a9ba6f88_1733833808_168\">IParl Newsletter Winter 2024<\/a><\/strong><\/p><\/div>\n\t\t\t\t<\/div>\n\t\t\t\t\t\t\t<div class=\"elementor-accordion-item\">\n\t\t\t\t\t<div id=\"elementor-tab-title-7416\" class=\"elementor-tab-title\" data-tab=\"6\" role=\"button\" aria-controls=\"elementor-tab-content-7416\" aria-expanded=\"false\">\n\t\t\t\t\t\t\t\t\t\t\t\t\t<span class=\"elementor-accordion-icon elementor-accordion-icon-left\" aria-hidden=\"true\">\n\t\t\t\t\t\t\t\t\t\t\t\t\t\t\t<span class=\"elementor-accordion-icon-closed\"><svg class=\"e-font-icon-svg e-fas-plus\" viewbox=\"0 0 448 512\" xmlns=\"http:\/\/www.w3.org\/2000\/svg\"><path d=\"M416 208H272V64c0-17.67-14.33-32-32-32h-32c-17.67 0-32 14.33-32 32v144H32c-17.67 0-32 14.33-32 32v32c0 17.67 14.33 32 32 32h144v144c0 17.67 14.33 32 32 32h32c17.67 0 32-14.33 32-32V304h144c17.67 0 32-14.33 32-32v-32c0-17.67-14.33-32-32-32z\"><\/path><\/svg><\/span>\n\t\t\t\t\t\t\t\t<span class=\"elementor-accordion-icon-opened\"><svg class=\"e-font-icon-svg e-fas-minus\" viewbox=\"0 0 448 512\" xmlns=\"http:\/\/www.w3.org\/2000\/svg\"><path d=\"M416 208H32c-17.67 0-32 14.33-32 32v32c0 17.67 14.33 32 32 32h384c17.67 0 32-14.33 32-32v-32c0-17.67-14.33-32-32-32z\"><\/path><\/svg><\/span>\n\t\t\t\t\t\t\t\t\t\t\t\t\t\t<\/span>\n\t\t\t\t\t\t\t\t\t\t\t\t<a class=\"elementor-accordion-title\" tabindex=\"0\">Autumn 2024<\/a>\n\t\t\t\t\t<\/div>\n\t\t\t\t\t<div id=\"elementor-tab-content-7416\" class=\"elementor-tab-content elementor-clearfix\" data-tab=\"6\" role=\"region\" aria-labelledby=\"elementor-tab-title-7416\"><ul><li>Interjection podcast on the candidate line-up<\/li><li>Focus: Election candidates in East and West compared<\/li><li>New SWuD foundation headquarters<\/li><li>Research colloquium: New dates<\/li><li>Coalition negotiations after the state elections<\/li><li>Publications: Political group leadership, coalition building and state parliamentarism<\/li><\/ul><p><strong><a href=\"https:\/\/aktion.swud.org\/civicrm\/mailing\/view\/?id=0f8231fb2d6e389c&amp;reset=1\">IParl Newsletter Autumn 2024<\/a><\/strong><\/p><\/div>\n\t\t\t\t<\/div>\n\t\t\t\t\t\t\t\t<\/div>\n\t\t\t\t\t\t<\/div>\n\t\t\t\t<\/div>\n\t\t\t\t\t<\/div>\n\t\t<\/div>\n\t\t\t\t\t<\/div>\n\t\t<\/section>\n\t\t\t\t<\/div>","protected":false},"excerpt":{"rendered":"<p>Newsletter Mit unserem Newsletter informieren wir Sie regelm\u00e4\u00dfig \u00fcber neue Ausgaben unseres Podcast \u201eZwischenruf\u201c, Ver\u00f6ffentlichungen, Medienbeitr\u00e4ge sowie Veranstaltungen. \u00dcber den Anmeldelink k\u00f6nnen Sie sich auf unsere Verteilerliste eintragen. Newsletter-Anmeldung Winter 2025 Zwischenruf-Podcast zu Elternschaft als MdB und Petitionen Beratung bei der IPU und Litt-Symposium zur Parteiendemokratie Medienbeitr\u00e4ge rund um Koalitionskompromisse und B\u00fcrgerentscheide Publikationen: Wahlen in [&hellip;]<\/p>\n","protected":false},"author":1,"featured_media":0,"parent":274,"menu_order":9,"comment_status":"closed","ping_status":"closed","template":"","meta":{"_acf_changed":false,"footnotes":""},"class_list":["post-289","page","type-page","status-publish","hentry"],"acf":[],"yoast_head":"<!-- This site is optimized with the Yoast SEO plugin v27.2 - https:\/\/yoast.com\/product\/yoast-seo-wordpress\/ -->\n<title>Newsletter - IParl<\/title>\n<meta name=\"robots\" content=\"index, follow, max-snippet:-1, max-image-preview:large, max-video-preview:-1\" \/>\n<link rel=\"canonical\" href=\"https:\/\/www.iparl.de\/en\/current\/newsletter\/\" \/>\n<meta property=\"og:locale\" content=\"en_GB\" \/>\n<meta property=\"og:type\" content=\"article\" \/>\n<meta property=\"og:title\" content=\"Newsletter - IParl\" \/>\n<meta property=\"og:description\" content=\"Newsletter Mit unserem Newsletter informieren wir Sie regelm\u00e4\u00dfig \u00fcber neue Ausgaben unseres Podcast \u201eZwischenruf\u201c, Ver\u00f6ffentlichungen, Medienbeitr\u00e4ge sowie Veranstaltungen. \u00dcber den Anmeldelink k\u00f6nnen Sie sich auf unsere Verteilerliste eintragen. Newsletter-Anmeldung Winter 2025 Zwischenruf-Podcast zu Elternschaft als MdB und Petitionen Beratung bei der IPU und Litt-Symposium zur Parteiendemokratie Medienbeitr\u00e4ge rund um Koalitionskompromisse und B\u00fcrgerentscheide Publikationen: Wahlen in [&hellip;]\" \/>\n<meta property=\"og:url\" content=\"https:\/\/www.iparl.de\/en\/current\/newsletter\/\" \/>\n<meta property=\"og:site_name\" content=\"IParl\" \/>\n<meta property=\"article:modified_time\" content=\"2025-12-22T10:46:49+00:00\" \/>\n<meta name=\"twitter:card\" content=\"summary_large_image\" \/>\n<meta name=\"twitter:label1\" content=\"Estimated reading time\" \/>\n\t<meta name=\"twitter:data1\" content=\"2 minutes\" \/>\n<script type=\"application\/ld+json\" class=\"yoast-schema-graph\">{\"@context\":\"https:\/\/schema.org\",\"@graph\":[{\"@type\":\"WebPage\",\"@id\":\"https:\/\/www.iparl.de\/aktuelles\/newsletter\/\",\"url\":\"https:\/\/www.iparl.de\/aktuelles\/newsletter\/\",\"name\":\"Newsletter - IParl\",\"isPartOf\":{\"@id\":\"https:\/\/www.iparl.de\/#website\"},\"datePublished\":\"2024-06-03T14:28:17+00:00\",\"dateModified\":\"2025-12-22T10:46:49+00:00\",\"breadcrumb\":{\"@id\":\"https:\/\/www.iparl.de\/aktuelles\/newsletter\/#breadcrumb\"},\"inLanguage\":\"en-GB\",\"potentialAction\":[{\"@type\":\"ReadAction\",\"target\":[\"https:\/\/www.iparl.de\/aktuelles\/newsletter\/\"]}]},{\"@type\":\"BreadcrumbList\",\"@id\":\"https:\/\/www.iparl.de\/aktuelles\/newsletter\/#breadcrumb\",\"itemListElement\":[{\"@type\":\"ListItem\",\"position\":1,\"name\":\"Startseite\",\"item\":\"https:\/\/www.iparl.de\/\"},{\"@type\":\"ListItem\",\"position\":2,\"name\":\"Aktuelles\",\"item\":\"https:\/\/www.iparl.de\/aktuelles\/\"},{\"@type\":\"ListItem\",\"position\":3,\"name\":\"Newsletter\"}]},{\"@type\":\"WebSite\",\"@id\":\"https:\/\/www.iparl.de\/#website\",\"url\":\"https:\/\/www.iparl.de\/\",\"name\":\"IParl\",\"description\":\"Institut f\u00fcr Parlamentarismusforschung (IParl)\",\"potentialAction\":[{\"@type\":\"SearchAction\",\"target\":{\"@type\":\"EntryPoint\",\"urlTemplate\":\"https:\/\/www.iparl.de\/?s={search_term_string}\"},\"query-input\":{\"@type\":\"PropertyValueSpecification\",\"valueRequired\":true,\"valueName\":\"search_term_string\"}}],\"inLanguage\":\"en-GB\"}]}<\/script>\n<!-- \/ Yoast SEO plugin. -->","yoast_head_json":{"title":"Newsletter - IParl","robots":{"index":"index","follow":"follow","max-snippet":"max-snippet:-1","max-image-preview":"max-image-preview:large","max-video-preview":"max-video-preview:-1"},"canonical":"https:\/\/www.iparl.de\/en\/current\/newsletter\/","og_locale":"en_GB","og_type":"article","og_title":"Newsletter - IParl","og_description":"Newsletter Mit unserem Newsletter informieren wir Sie regelm\u00e4\u00dfig \u00fcber neue Ausgaben unseres Podcast \u201eZwischenruf\u201c, Ver\u00f6ffentlichungen, Medienbeitr\u00e4ge sowie Veranstaltungen. \u00dcber den Anmeldelink k\u00f6nnen Sie sich auf unsere Verteilerliste eintragen. Newsletter-Anmeldung Winter 2025 Zwischenruf-Podcast zu Elternschaft als MdB und Petitionen Beratung bei der IPU und Litt-Symposium zur Parteiendemokratie Medienbeitr\u00e4ge rund um Koalitionskompromisse und B\u00fcrgerentscheide Publikationen: Wahlen in [&hellip;]","og_url":"https:\/\/www.iparl.de\/en\/current\/newsletter\/","og_site_name":"IParl","article_modified_time":"2025-12-22T10:46:49+00:00","twitter_card":"summary_large_image","twitter_misc":{"Estimated reading time":"2 minutes"},"schema":{"@context":"https:\/\/schema.org","@graph":[{"@type":"WebPage","@id":"https:\/\/www.iparl.de\/aktuelles\/newsletter\/","url":"https:\/\/www.iparl.de\/aktuelles\/newsletter\/","name":"Newsletter - IParl","isPartOf":{"@id":"https:\/\/www.iparl.de\/#website"},"datePublished":"2024-06-03T14:28:17+00:00","dateModified":"2025-12-22T10:46:49+00:00","breadcrumb":{"@id":"https:\/\/www.iparl.de\/aktuelles\/newsletter\/#breadcrumb"},"inLanguage":"en-GB","potentialAction":[{"@type":"ReadAction","target":["https:\/\/www.iparl.de\/aktuelles\/newsletter\/"]}]},{"@type":"BreadcrumbList","@id":"https:\/\/www.iparl.de\/aktuelles\/newsletter\/#breadcrumb","itemListElement":[{"@type":"ListItem","position":1,"name":"Startseite","item":"https:\/\/www.iparl.de\/"},{"@type":"ListItem","position":2,"name":"Aktuelles","item":"https:\/\/www.iparl.de\/aktuelles\/"},{"@type":"ListItem","position":3,"name":"Newsletter"}]},{"@type":"WebSite","@id":"https:\/\/www.iparl.de\/#website","url":"https:\/\/www.iparl.de\/","name":"IParl","description":"Institute for Parliamentary Research (IParl)","potentialAction":[{"@type":"SearchAction","target":{"@type":"EntryPoint","urlTemplate":"https:\/\/www.iparl.de\/?s={search_term_string}"},"query-input":{"@type":"PropertyValueSpecification","valueRequired":true,"valueName":"search_term_string"}}],"inLanguage":"en-GB"}]}},"_links":{"self":[{"href":"https:\/\/www.iparl.de\/en\/wp-json\/wp\/v2\/pages\/289","targetHints":{"allow":["GET"]}}],"collection":[{"href":"https:\/\/www.iparl.de\/en\/wp-json\/wp\/v2\/pages"}],"about":[{"href":"https:\/\/www.iparl.de\/en\/wp-json\/wp\/v2\/types\/page"}],"author":[{"embeddable":true,"href":"https:\/\/www.iparl.de\/en\/wp-json\/wp\/v2\/users\/1"}],"replies":[{"embeddable":true,"href":"https:\/\/www.iparl.de\/en\/wp-json\/wp\/v2\/comments?post=289"}],"version-history":[{"count":12,"href":"https:\/\/www.iparl.de\/en\/wp-json\/wp\/v2\/pages\/289\/revisions"}],"predecessor-version":[{"id":5839,"href":"https:\/\/www.iparl.de\/en\/wp-json\/wp\/v2\/pages\/289\/revisions\/5839"}],"up":[{"embeddable":true,"href":"https:\/\/www.iparl.de\/en\/wp-json\/wp\/v2\/pages\/274"}],"wp:attachment":[{"href":"https:\/\/www.iparl.de\/en\/wp-json\/wp\/v2\/media?parent=289"}],"curies":[{"name":"wp","href":"https:\/\/api.w.org\/{rel}","templated":true}]}}