{"id":229,"date":"2024-06-03T16:21:02","date_gmt":"2024-06-03T14:21:02","guid":{"rendered":"https:\/\/wp.iparl.de\/?page_id=229"},"modified":"2025-03-18T14:11:46","modified_gmt":"2025-03-18T13:11:46","slug":"second-chambers","status":"publish","type":"page","link":"https:\/\/www.iparl.de\/en\/unsere-arbeit\/forschung\/zweite-kammern\/","title":{"rendered":"Second chambers"},"content":{"rendered":"<div data-elementor-type=\"wp-page\" data-elementor-id=\"229\" class=\"elementor elementor-229\" data-elementor-post-type=\"page\">\n\t\t\t\t\t\t<section class=\"ob-is-breaking-bad elementor-section elementor-top-section elementor-element elementor-element-6041d72 elementor-section-boxed elementor-section-height-default elementor-section-height-default\" data-id=\"6041d72\" data-element_type=\"section\" data-e-type=\"section\" data-settings=\"{&quot;jet_parallax_layout_list&quot;:[],&quot;_ob_bbad_use_it&quot;:&quot;yes&quot;,&quot;_ob_bbad_sssic_use&quot;:&quot;no&quot;}\">\n\t\t\t\t\t\t<div class=\"elementor-container elementor-column-gap-default\">\n\t\t\t\t\t<div class=\"elementor-column elementor-col-100 elementor-top-column elementor-element elementor-element-0f7bc87\" data-id=\"0f7bc87\" data-element_type=\"column\" data-e-type=\"column\" data-settings=\"{&quot;_ob_bbad_is_stalker&quot;:&quot;no&quot;}\">\n\t\t\t<div class=\"elementor-widget-wrap elementor-element-populated\">\n\t\t\t\t\t\t<div class=\"elementor-element elementor-element-8915371 elementor-widget elementor-widget-heading\" data-id=\"8915371\" data-element_type=\"widget\" data-e-type=\"widget\" data-settings=\"{&quot;_ob_widget_stalker_use&quot;:&quot;no&quot;}\" data-widget_type=\"heading.default\">\n\t\t\t\t<div class=\"elementor-widget-container\">\n\t\t\t\t\t<h1 class=\"elementor-heading-title elementor-size-default\"><h1 data-elementor-setting-key=\"title\" data-pen-placeholder=\"Eingabe hier...\" style=\"text-transform: none\">IParl project \"Second chambers in democratic systems of government\"<span style=\"color: var( --e-global-color-secondary );font-family: var( --e-global-typography-a9df466-font-family ), Sans-serif;font-size: var( --e-global-typography-a9df466-font-size );font-weight: var( --e-global-typography-a9df466-font-weight );letter-spacing: var( --e-global-typography-a9df466-letter-spacing );text-transform: var( --e-global-typography-a9df466-text-transform );font-style: var( --e-global-typography-primary-font-style )\"><\/span><\/h1><\/h1>\t\t\t\t<\/div>\n\t\t\t\t<\/div>\n\t\t\t\t<section class=\"ob-is-breaking-bad ob-bb-inner elementor-section elementor-inner-section elementor-element elementor-element-fda2b30 elementor-section-boxed elementor-section-height-default elementor-section-height-default\" data-id=\"fda2b30\" data-element_type=\"section\" data-e-type=\"section\" data-settings=\"{&quot;jet_parallax_layout_list&quot;:[],&quot;_ob_bbad_use_it&quot;:&quot;yes&quot;,&quot;_ob_bbad_sssic_use&quot;:&quot;no&quot;}\">\n\t\t\t\t\t\t<div class=\"elementor-container elementor-column-gap-default\">\n\t\t\t\t\t<div class=\"elementor-column elementor-col-100 elementor-inner-column elementor-element elementor-element-0bf082a\" data-id=\"0bf082a\" data-element_type=\"column\" data-e-type=\"column\" data-settings=\"{&quot;_ob_bbad_is_stalker&quot;:&quot;no&quot;}\">\n\t\t\t<div class=\"elementor-widget-wrap elementor-element-populated\">\n\t\t\t\t\t\t<div class=\"elementor-element elementor-element-9f8d9e7 elementor-widget elementor-widget-text-editor\" data-id=\"9f8d9e7\" data-element_type=\"widget\" data-e-type=\"widget\" data-settings=\"{&quot;_ob_widget_stalker_use&quot;:&quot;no&quot;}\" data-widget_type=\"text-editor.default\">\n\t\t\t\t<div class=\"elementor-widget-container\">\n\t\t\t\t\t\t\t\t\t<p><a href=\"https:\/\/www.iparl.de\/wp-content\/uploads\/2025\/03\/iStock-1276840647.jpg\"><img fetchpriority=\"high\" decoding=\"async\" class=\"size-medium wp-image-4163 alignright\" src=\"https:\/\/www.iparl.de\/wp-content\/uploads\/2025\/03\/iStock-1276840647-300x200.jpg\" alt=\"French Senate\" width=\"300\" height=\"200\" srcset=\"https:\/\/www.iparl.de\/wp-content\/uploads\/2025\/03\/iStock-1276840647-300x200.jpg 300w, https:\/\/www.iparl.de\/wp-content\/uploads\/2025\/03\/iStock-1276840647-18x12.jpg 18w, https:\/\/www.iparl.de\/wp-content\/uploads\/2025\/03\/iStock-1276840647.jpg 509w\" sizes=\"(max-width: 300px) 100vw, 300px\" \/><\/a>Around 40 per cent of the world's parliaments are bicameral. Second chambers can be found on every continent, in parliamentary as well as presidential systems, in federal as well as unitary countries, and in democratic as well as autocratic regimes: examples include the British House of Lords, the French Senate, the German Bundesrat, and the senates of Latin American countries and the United States. Nevertheless, the question of what they add to the systems in which they exist is often raised, sometimes to the point of questioning their very existence. Despite the importance of these debates, second chambers have rarely been the focus of political science research. The IParl aims to contribute to this discussion by undertaking a research project on representation in European second chambers.<\/p><p>The project aims to understand how second chambers engage in representation with regard to four aspects: (1) who their members are and how they understand their representative roles, (2) how representation is expressed in speeches, (3) how it is implemented in policy-making, and (4) how the represented perceive their relationship with said second chambers. The first phase \u2013 focusing on Germany, France, Ireland and Poland \u2013 is nearing completion.<\/p><p>For any further questions or advice, please contact\u00a0<a href=\"\/en\/m&\/#97;&#x69;&#x6c;t&#111;&#58;&#x62;&#x6c;o&#113;&#x75;&#x65;t&#64;&#105;&#x70;&#x61;r&#108;&#x2e;&#x64;e\">Calixte Bloquet<\/a>\u00a0and\/or\u00a0<a href=\"\/en\/&\/#109;&#x61;i&#x6c;t&#111;&#x3a;&#99;&#x61;r&#115;&#x74;&#101;&#x6e;s&#x65;&#x6e;&#64;&#x69;p&#x61;r&#108;&#x2e;&#100;&#x65;\">Franziska Carstensen<\/a>.<\/p>\t\t\t\t\t\t\t\t<\/div>\n\t\t\t\t<\/div>\n\t\t\t\t\t<\/div>\n\t\t<\/div>\n\t\t\t\t\t<\/div>\n\t\t<\/section>\n\t\t\t\t<div class=\"elementor-element elementor-element-9286f4d elementor-widget elementor-widget-text-editor\" data-id=\"9286f4d\" data-element_type=\"widget\" data-e-type=\"widget\" data-settings=\"{&quot;_ob_widget_stalker_use&quot;:&quot;no&quot;}\" data-widget_type=\"text-editor.default\">\n\t\t\t\t<div class=\"elementor-widget-container\">\n\t\t\t\t\t\t\t\t\t<p><strong>The following papers have been published in the frame of this project dedicated to second chambers: <\/strong><\/p>\t\t\t\t\t\t\t\t<\/div>\n\t\t\t\t<\/div>\n\t\t\t\t<div class=\"elementor-element elementor-element-8d0fe35 elementor-widget elementor-widget-jet-accordion\" data-id=\"8d0fe35\" data-element_type=\"widget\" data-e-type=\"widget\" data-settings=\"{&quot;_ob_widget_stalker_use&quot;:&quot;no&quot;}\" data-widget_type=\"jet-accordion.default\">\n\t\t\t\t<div class=\"elementor-widget-container\">\n\t\t\t\t\t\t\t\t\t<div class=\"jet-accordion\" data-settings=\"{&quot;collapsible&quot;:true,&quot;ajaxTemplate&quot;:false,&quot;switchScrolling&quot;:false,&quot;switchScrollingOffset&quot;:0,&quot;switchScrollingDelay&quot;:500}\">\n\t\t\t<div class=\"jet-accordion__inner\">\n\t\t\t\t<div class=\"jet-accordion__item jet-toggle jet-toggle-move-up-effect\">\n\t\t\t\t\t\t\t<div id=\"jet-toggle-control-1471\" class=\"jet-toggle__control elementor-menu-anchor\" data-toggle=\"1\" role=\"button\" tabindex=\"0\" aria-controls=\"jet-toggle-content-1471\" aria-expanded=\"false\" data-template-id=\"false\">\n\t\t\t\t\t\t\t\t<div class=\"jet-toggle__label-icon jet-toggle-icon-position-left\"><span class=\"jet-toggle__icon icon-normal jet-tabs-icon\"><svg class=\"e-font-icon-svg e-fas-plus\" viewbox=\"0 0 448 512\" xmlns=\"http:\/\/www.w3.org\/2000\/svg\"><path d=\"M416 208H272V64c0-17.67-14.33-32-32-32h-32c-17.67 0-32 14.33-32 32v144H32c-17.67 0-32 14.33-32 32v32c0 17.67 14.33 32 32 32h144v144c0 17.67 14.33 32 32 32h32c17.67 0 32-14.33 32-32V304h144c17.67 0 32-14.33 32-32v-32c0-17.67-14.33-32-32-32z\"><\/path><\/svg><\/span><span class=\"jet-toggle__icon icon-active jet-tabs-icon\"><svg class=\"e-font-icon-svg e-fas-minus\" viewbox=\"0 0 448 512\" xmlns=\"http:\/\/www.w3.org\/2000\/svg\"><path d=\"M416 208H32c-17.67 0-32 14.33-32 32v32c0 17.67 14.33 32 32 32h384c17.67 0 32-14.33 32-32v-32c0-17.67-14.33-32-32-32z\"><\/path><\/svg><\/span><\/div><div class=\"jet-toggle__label-text\">2024: Members of the German Bundesrat: (How\/Who\/From Where) Do they represent?<\/div>\t\t\t\t\t\t\t<\/div>\n\t\t\t\t\t\t\t<div id=\"jet-toggle-content-1471\" class=\"jet-toggle__content\" data-toggle=\"1\" role=\"region\" data-template-id=\"false\">\n\t\t\t\t\t\t\t\t<div class=\"jet-toggle__content-inner\"><p>Calixte Bloquet \/ Franziska Carstensen: Members of the German Bundesrat: (How\/Who\/From Where) Do they represent?, in: European Centre for Research on Federalism (ed.): Jahrbuch des F\u00f6deralismus 2024, Baden-Baden 2024. (<a href=\"https:\/\/www.nomos-elibrary.de\/10.5771\/9783748944614\/jahrbuch-des-foederalismus-2024\">Link<\/a>)<\/p><\/div>\n\t\t\t\t\t\t\t<\/div>\n\t\t\t\t\t\t<\/div><div class=\"jet-accordion__item jet-toggle jet-toggle-move-up-effect\">\n\t\t\t\t\t\t\t<div id=\"jet-toggle-control-1472\" class=\"jet-toggle__control elementor-menu-anchor\" data-toggle=\"2\" role=\"button\" tabindex=\"0\" aria-controls=\"jet-toggle-content-1472\" aria-expanded=\"false\" data-template-id=\"false\">\n\t\t\t\t\t\t\t\t<div class=\"jet-toggle__label-icon jet-toggle-icon-position-left\"><span class=\"jet-toggle__icon icon-normal jet-tabs-icon\"><svg class=\"e-font-icon-svg e-fas-plus\" viewbox=\"0 0 448 512\" xmlns=\"http:\/\/www.w3.org\/2000\/svg\"><path d=\"M416 208H272V64c0-17.67-14.33-32-32-32h-32c-17.67 0-32 14.33-32 32v144H32c-17.67 0-32 14.33-32 32v32c0 17.67 14.33 32 32 32h144v144c0 17.67 14.33 32 32 32h32c17.67 0 32-14.33 32-32V304h144c17.67 0 32-14.33 32-32v-32c0-17.67-14.33-32-32-32z\"><\/path><\/svg><\/span><span class=\"jet-toggle__icon icon-active jet-tabs-icon\"><svg class=\"e-font-icon-svg e-fas-minus\" viewbox=\"0 0 448 512\" xmlns=\"http:\/\/www.w3.org\/2000\/svg\"><path d=\"M416 208H32c-17.67 0-32 14.33-32 32v32c0 17.67 14.33 32 32 32h384c17.67 0 32-14.33 32-32v-32c0-17.67-14.33-32-32-32z\"><\/path><\/svg><\/span><\/div><div class=\"jet-toggle__label-text\">2022: Was leisten Zweite Kammern f\u00fcr die repr\u00e4sentative Demokratie?<\/div>\t\t\t\t\t\t\t<\/div>\n\t\t\t\t\t\t\t<div id=\"jet-toggle-content-1472\" class=\"jet-toggle__content\" data-toggle=\"2\" role=\"region\" data-template-id=\"false\">\n\t\t\t\t\t\t\t\t<div class=\"jet-toggle__content-inner\"><p>Sch\u00fcttemeyer, Suzanne S. \/ Sturm, Roland: Was leisten Zweite Kammern f\u00fcr die repr\u00e4sentative Demokratie?, in: European Centre for Research on Federalism (ed.): Jahrbuch des F\u00f6deralismus 2022, Baden-Baden 2022. (<a href=\"https:\/\/www.nomos-elibrary.de\/10.5771\/9783748936732-213\/was-leisten-zweite-kammern-fuer-die-repraesentative-demokratie?page=3\" target=\"_blank\" rel=\"noopener\">Link<\/a>)<\/p><\/div>\n\t\t\t\t\t\t\t<\/div>\n\t\t\t\t\t\t<\/div><div class=\"jet-accordion__item jet-toggle jet-toggle-move-up-effect\">\n\t\t\t\t\t\t\t<div id=\"jet-toggle-control-1473\" class=\"jet-toggle__control elementor-menu-anchor\" data-toggle=\"3\" role=\"button\" tabindex=\"0\" aria-controls=\"jet-toggle-content-1473\" aria-expanded=\"false\" data-template-id=\"false\">\n\t\t\t\t\t\t\t\t<div class=\"jet-toggle__label-icon jet-toggle-icon-position-left\"><span class=\"jet-toggle__icon icon-normal jet-tabs-icon\"><svg class=\"e-font-icon-svg e-fas-plus\" viewbox=\"0 0 448 512\" xmlns=\"http:\/\/www.w3.org\/2000\/svg\"><path d=\"M416 208H272V64c0-17.67-14.33-32-32-32h-32c-17.67 0-32 14.33-32 32v144H32c-17.67 0-32 14.33-32 32v32c0 17.67 14.33 32 32 32h144v144c0 17.67 14.33 32 32 32h32c17.67 0 32-14.33 32-32V304h144c17.67 0 32-14.33 32-32v-32c0-17.67-14.33-32-32-32z\"><\/path><\/svg><\/span><span class=\"jet-toggle__icon icon-active jet-tabs-icon\"><svg class=\"e-font-icon-svg e-fas-minus\" viewbox=\"0 0 448 512\" xmlns=\"http:\/\/www.w3.org\/2000\/svg\"><path d=\"M416 208H32c-17.67 0-32 14.33-32 32v32c0 17.67 14.33 32 32 32h384c17.67 0 32-14.33 32-32v-32c0-17.67-14.33-32-32-32z\"><\/path><\/svg><\/span><\/div><div class=\"jet-toggle__label-text\">2022: Zweite Kammern in Europa: Wen oder was sollen sie repr\u00e4sentieren?<\/div>\t\t\t\t\t\t\t<\/div>\n\t\t\t\t\t\t\t<div id=\"jet-toggle-content-1473\" class=\"jet-toggle__content\" data-toggle=\"3\" role=\"region\" data-template-id=\"false\">\n\t\t\t\t\t\t\t\t<div class=\"jet-toggle__content-inner\"><p>Carstensen, Franziska: 2022: Zweite Kammern in Europa: Wen oder was sollen sie repr\u00e4sentieren?, IParl-Blickpunkt 6, Berlin 2021 (<a href=\"https:\/\/www.iparl.de\/en\/our-work\/blickpunkt\/\" target=\"_blank\" rel=\"noopener\">Link<\/a>)<\/p><p>Bicameral parliamentary structures exist in around half of all European states. Although decisions made by second chambers can have a significant impact on the political process, they are not often at the centre of public attention. In particular, little is known about how representation in second chambers is pre-structured by legal requirements. This Focus on Europe addresses this gap and asks how representation in second chambers is standardised under constitutional law, which modes of appointment exist, but also which minimum age requirements, mandate durations, personnel sizes and partial renewal options are provided for through (in)direct elections. Another point of interest is whether European second chambers are equipped with specialised representation for certain population groups in order to mitigate the representation deficits of the first chambers. To summarise, an initial picture of European second chambers can be drawn that does not meet all the expectations of the research.<\/p><\/div>\n\t\t\t\t\t\t\t<\/div>\n\t\t\t\t\t\t<\/div>\t\t\t<\/div>\n\t\t<\/div>\n\t\t\t\t\t\t<\/div>\n\t\t\t\t<\/div>\n\t\t\t\t<div class=\"elementor-element elementor-element-e4183b1 elementor-widget elementor-widget-spacer\" data-id=\"e4183b1\" data-element_type=\"widget\" data-e-type=\"widget\" data-settings=\"{&quot;_ob_widget_stalker_use&quot;:&quot;no&quot;}\" data-widget_type=\"spacer.default\">\n\t\t\t\t<div class=\"elementor-widget-container\">\n\t\t\t\t\t\t\t<div class=\"elementor-spacer\">\n\t\t\t<div class=\"elementor-spacer-inner\"><\/div>\n\t\t<\/div>\n\t\t\t\t\t\t<\/div>\n\t\t\t\t<\/div>\n\t\t\t\t<div class=\"elementor-element elementor-element-252da95 elementor-widget elementor-widget-text-editor\" data-id=\"252da95\" data-element_type=\"widget\" data-e-type=\"widget\" data-settings=\"{&quot;_ob_widget_stalker_use&quot;:&quot;no&quot;}\" data-widget_type=\"text-editor.default\">\n\t\t\t\t<div class=\"elementor-widget-container\">\n\t\t\t\t\t\t\t\t\t<p class=\"MsoNormal\" style=\"text-align: justify;\"><b>The results of the first phase were presented at the following conferences and events, among others:<\/b><\/p><p>2024: 3rd Global Conference on Parliamentary Studies in Prague, 10 June 2024.<\/p><p>2024: Workshop of the DVPW Themengruppe F\u00f6deralismus, 1-2 March 2024 in Berlin.<\/p><p>2023: 8th Conference of the ECPR Standing Group on Parliaments in Vienna, 6-8 July 2023.\u00a0<\/p><p>2023: Erster \u00d6sterreichscher Tag der Parlamentsforschung in Vienna on 26 June 2023.<\/p>\t\t\t\t\t\t\t\t<\/div>\n\t\t\t\t<\/div>\n\t\t\t\t\t<\/div>\n\t\t<\/div>\n\t\t\t\t\t<\/div>\n\t\t<\/section>\n\t\t\t\t<section class=\"ob-is-breaking-bad elementor-section elementor-top-section elementor-element elementor-element-c982cb9 elementor-section-boxed elementor-section-height-default elementor-section-height-default\" data-id=\"c982cb9\" data-element_type=\"section\" data-e-type=\"section\" data-settings=\"{&quot;jet_parallax_layout_list&quot;:[],&quot;_ob_bbad_use_it&quot;:&quot;yes&quot;,&quot;_ob_bbad_sssic_use&quot;:&quot;no&quot;}\">\n\t\t\t\t\t\t<div class=\"elementor-container elementor-column-gap-default\">\n\t\t\t\t\t<div class=\"elementor-column elementor-col-100 elementor-top-column elementor-element elementor-element-3584a85\" data-id=\"3584a85\" data-element_type=\"column\" data-e-type=\"column\" data-settings=\"{&quot;_ob_bbad_is_stalker&quot;:&quot;no&quot;}\">\n\t\t\t<div class=\"elementor-widget-wrap\">\n\t\t\t\t\t\t\t<\/div>\n\t\t<\/div>\n\t\t\t\t\t<\/div>\n\t\t<\/section>\n\t\t\t\t<\/div>","protected":false},"excerpt":{"rendered":"<p>IParl-Projekt \u201eZweite Kammern in demokratischen Regierungssystemen\u201d Ungef\u00e4hr 40 Prozent der Parlamente weltweit sind bikameral. Zweite Kammern finden sich auf jedem Kontinent, in parlamentarischen wie pr\u00e4sidentiellen Regierungssystemen, in f\u00f6deralen und unitarischen Staaten, in Demokratien und Autokratien: Beispiele sind das britische House of Lords, der franz\u00f6sische Senat, der deutsche Bundesrat, die Senate in Lateinamerika und in den [&hellip;]<\/p>\n","protected":false},"author":1,"featured_media":0,"parent":217,"menu_order":7,"comment_status":"closed","ping_status":"closed","template":"","meta":{"_acf_changed":false,"footnotes":""},"class_list":["post-229","page","type-page","status-publish","hentry"],"acf":[],"yoast_head":"<!-- This site is optimized with the Yoast SEO plugin v27.2 - https:\/\/yoast.com\/product\/yoast-seo-wordpress\/ -->\n<title>Zweite Kammern - IParl<\/title>\n<meta name=\"robots\" content=\"index, follow, max-snippet:-1, max-image-preview:large, max-video-preview:-1\" \/>\n<link rel=\"canonical\" href=\"https:\/\/www.iparl.de\/en\/our-work\/research\/second-chambers\/\" \/>\n<meta property=\"og:locale\" content=\"en_GB\" \/>\n<meta property=\"og:type\" content=\"article\" \/>\n<meta property=\"og:title\" content=\"Zweite Kammern - IParl\" \/>\n<meta property=\"og:description\" content=\"IParl-Projekt \u201eZweite Kammern in demokratischen Regierungssystemen\u201d Ungef\u00e4hr 40 Prozent der Parlamente weltweit sind bikameral. Zweite Kammern finden sich auf jedem Kontinent, in parlamentarischen wie pr\u00e4sidentiellen Regierungssystemen, in f\u00f6deralen und unitarischen Staaten, in Demokratien und Autokratien: Beispiele sind das britische House of Lords, der franz\u00f6sische Senat, der deutsche Bundesrat, die Senate in Lateinamerika und in den [&hellip;]\" \/>\n<meta property=\"og:url\" content=\"https:\/\/www.iparl.de\/en\/our-work\/research\/second-chambers\/\" \/>\n<meta property=\"og:site_name\" content=\"IParl\" \/>\n<meta property=\"article:modified_time\" content=\"2025-03-18T13:11:46+00:00\" \/>\n<meta property=\"og:image\" content=\"https:\/\/www.iparl.de\/wp-content\/uploads\/2025\/03\/iStock-1276840647.jpg\" \/>\n\t<meta property=\"og:image:width\" content=\"509\" \/>\n\t<meta property=\"og:image:height\" content=\"339\" \/>\n\t<meta property=\"og:image:type\" content=\"image\/jpeg\" \/>\n<meta name=\"twitter:card\" content=\"summary_large_image\" \/>\n<meta name=\"twitter:label1\" content=\"Estimated reading time\" \/>\n\t<meta name=\"twitter:data1\" content=\"3 minutes\" \/>\n<script type=\"application\/ld+json\" class=\"yoast-schema-graph\">{\"@context\":\"https:\/\/schema.org\",\"@graph\":[{\"@type\":\"WebPage\",\"@id\":\"https:\/\/www.iparl.de\/unsere-arbeit\/forschung\/zweite-kammern\/\",\"url\":\"https:\/\/www.iparl.de\/unsere-arbeit\/forschung\/zweite-kammern\/\",\"name\":\"Zweite Kammern - IParl\",\"isPartOf\":{\"@id\":\"https:\/\/www.iparl.de\/#website\"},\"primaryImageOfPage\":{\"@id\":\"https:\/\/www.iparl.de\/unsere-arbeit\/forschung\/zweite-kammern\/#primaryimage\"},\"image\":{\"@id\":\"https:\/\/www.iparl.de\/unsere-arbeit\/forschung\/zweite-kammern\/#primaryimage\"},\"thumbnailUrl\":\"https:\/\/www.iparl.de\/wp-content\/uploads\/2025\/03\/iStock-1276840647-300x200.jpg\",\"datePublished\":\"2024-06-03T14:21:02+00:00\",\"dateModified\":\"2025-03-18T13:11:46+00:00\",\"breadcrumb\":{\"@id\":\"https:\/\/www.iparl.de\/unsere-arbeit\/forschung\/zweite-kammern\/#breadcrumb\"},\"inLanguage\":\"en-GB\",\"potentialAction\":[{\"@type\":\"ReadAction\",\"target\":[\"https:\/\/www.iparl.de\/unsere-arbeit\/forschung\/zweite-kammern\/\"]}]},{\"@type\":\"ImageObject\",\"inLanguage\":\"en-GB\",\"@id\":\"https:\/\/www.iparl.de\/unsere-arbeit\/forschung\/zweite-kammern\/#primaryimage\",\"url\":\"https:\/\/www.iparl.de\/wp-content\/uploads\/2025\/03\/iStock-1276840647-300x200.jpg\",\"contentUrl\":\"https:\/\/www.iparl.de\/wp-content\/uploads\/2025\/03\/iStock-1276840647-300x200.jpg\"},{\"@type\":\"BreadcrumbList\",\"@id\":\"https:\/\/www.iparl.de\/unsere-arbeit\/forschung\/zweite-kammern\/#breadcrumb\",\"itemListElement\":[{\"@type\":\"ListItem\",\"position\":1,\"name\":\"Startseite\",\"item\":\"https:\/\/www.iparl.de\/\"},{\"@type\":\"ListItem\",\"position\":2,\"name\":\"Unsere Arbeit\",\"item\":\"https:\/\/www.iparl.de\/unsere-arbeit\/\"},{\"@type\":\"ListItem\",\"position\":3,\"name\":\"Forschungsprojekte\",\"item\":\"https:\/\/www.iparl.de\/unsere-arbeit\/forschung\/\"},{\"@type\":\"ListItem\",\"position\":4,\"name\":\"Zweite Kammern\"}]},{\"@type\":\"WebSite\",\"@id\":\"https:\/\/www.iparl.de\/#website\",\"url\":\"https:\/\/www.iparl.de\/\",\"name\":\"IParl\",\"description\":\"Institut f\u00fcr Parlamentarismusforschung (IParl)\",\"potentialAction\":[{\"@type\":\"SearchAction\",\"target\":{\"@type\":\"EntryPoint\",\"urlTemplate\":\"https:\/\/www.iparl.de\/?s={search_term_string}\"},\"query-input\":{\"@type\":\"PropertyValueSpecification\",\"valueRequired\":true,\"valueName\":\"search_term_string\"}}],\"inLanguage\":\"en-GB\"}]}<\/script>\n<!-- \/ Yoast SEO plugin. -->","yoast_head_json":{"title":"Second chambers - IParl","robots":{"index":"index","follow":"follow","max-snippet":"max-snippet:-1","max-image-preview":"max-image-preview:large","max-video-preview":"max-video-preview:-1"},"canonical":"https:\/\/www.iparl.de\/en\/our-work\/research\/second-chambers\/","og_locale":"en_GB","og_type":"article","og_title":"Zweite Kammern - IParl","og_description":"IParl-Projekt \u201eZweite Kammern in demokratischen Regierungssystemen\u201d Ungef\u00e4hr 40 Prozent der Parlamente weltweit sind bikameral. Zweite Kammern finden sich auf jedem Kontinent, in parlamentarischen wie pr\u00e4sidentiellen Regierungssystemen, in f\u00f6deralen und unitarischen Staaten, in Demokratien und Autokratien: Beispiele sind das britische House of Lords, der franz\u00f6sische Senat, der deutsche Bundesrat, die Senate in Lateinamerika und in den [&hellip;]","og_url":"https:\/\/www.iparl.de\/en\/our-work\/research\/second-chambers\/","og_site_name":"IParl","article_modified_time":"2025-03-18T13:11:46+00:00","og_image":[{"width":509,"height":339,"url":"https:\/\/www.iparl.de\/wp-content\/uploads\/2025\/03\/iStock-1276840647.jpg","type":"image\/jpeg"}],"twitter_card":"summary_large_image","twitter_misc":{"Estimated reading time":"3 minutes"},"schema":{"@context":"https:\/\/schema.org","@graph":[{"@type":"WebPage","@id":"https:\/\/www.iparl.de\/unsere-arbeit\/forschung\/zweite-kammern\/","url":"https:\/\/www.iparl.de\/unsere-arbeit\/forschung\/zweite-kammern\/","name":"Second chambers - IParl","isPartOf":{"@id":"https:\/\/www.iparl.de\/#website"},"primaryImageOfPage":{"@id":"https:\/\/www.iparl.de\/unsere-arbeit\/forschung\/zweite-kammern\/#primaryimage"},"image":{"@id":"https:\/\/www.iparl.de\/unsere-arbeit\/forschung\/zweite-kammern\/#primaryimage"},"thumbnailUrl":"https:\/\/www.iparl.de\/wp-content\/uploads\/2025\/03\/iStock-1276840647-300x200.jpg","datePublished":"2024-06-03T14:21:02+00:00","dateModified":"2025-03-18T13:11:46+00:00","breadcrumb":{"@id":"https:\/\/www.iparl.de\/unsere-arbeit\/forschung\/zweite-kammern\/#breadcrumb"},"inLanguage":"en-GB","potentialAction":[{"@type":"ReadAction","target":["https:\/\/www.iparl.de\/unsere-arbeit\/forschung\/zweite-kammern\/"]}]},{"@type":"ImageObject","inLanguage":"en-GB","@id":"https:\/\/www.iparl.de\/unsere-arbeit\/forschung\/zweite-kammern\/#primaryimage","url":"https:\/\/www.iparl.de\/wp-content\/uploads\/2025\/03\/iStock-1276840647-300x200.jpg","contentUrl":"https:\/\/www.iparl.de\/wp-content\/uploads\/2025\/03\/iStock-1276840647-300x200.jpg"},{"@type":"BreadcrumbList","@id":"https:\/\/www.iparl.de\/unsere-arbeit\/forschung\/zweite-kammern\/#breadcrumb","itemListElement":[{"@type":"ListItem","position":1,"name":"Startseite","item":"https:\/\/www.iparl.de\/"},{"@type":"ListItem","position":2,"name":"Unsere Arbeit","item":"https:\/\/www.iparl.de\/unsere-arbeit\/"},{"@type":"ListItem","position":3,"name":"Forschungsprojekte","item":"https:\/\/www.iparl.de\/unsere-arbeit\/forschung\/"},{"@type":"ListItem","position":4,"name":"Zweite Kammern"}]},{"@type":"WebSite","@id":"https:\/\/www.iparl.de\/#website","url":"https:\/\/www.iparl.de\/","name":"IParl","description":"Institute for Parliamentary Research (IParl)","potentialAction":[{"@type":"SearchAction","target":{"@type":"EntryPoint","urlTemplate":"https:\/\/www.iparl.de\/?s={search_term_string}"},"query-input":{"@type":"PropertyValueSpecification","valueRequired":true,"valueName":"search_term_string"}}],"inLanguage":"en-GB"}]}},"_links":{"self":[{"href":"https:\/\/www.iparl.de\/en\/wp-json\/wp\/v2\/pages\/229","targetHints":{"allow":["GET"]}}],"collection":[{"href":"https:\/\/www.iparl.de\/en\/wp-json\/wp\/v2\/pages"}],"about":[{"href":"https:\/\/www.iparl.de\/en\/wp-json\/wp\/v2\/types\/page"}],"author":[{"embeddable":true,"href":"https:\/\/www.iparl.de\/en\/wp-json\/wp\/v2\/users\/1"}],"replies":[{"embeddable":true,"href":"https:\/\/www.iparl.de\/en\/wp-json\/wp\/v2\/comments?post=229"}],"version-history":[{"count":0,"href":"https:\/\/www.iparl.de\/en\/wp-json\/wp\/v2\/pages\/229\/revisions"}],"up":[{"embeddable":true,"href":"https:\/\/www.iparl.de\/en\/wp-json\/wp\/v2\/pages\/217"}],"wp:attachment":[{"href":"https:\/\/www.iparl.de\/en\/wp-json\/wp\/v2\/media?parent=229"}],"curies":[{"name":"wp","href":"https:\/\/api.w.org\/{rel}","templated":true}]}}