{"id":1643,"date":"2025-01-02T13:30:33","date_gmt":"2025-01-02T12:30:33","guid":{"rendered":"https:\/\/wp.iparl.de\/?page_id=1643"},"modified":"2025-03-18T09:22:24","modified_gmt":"2025-03-18T08:22:24","slug":"us","status":"publish","type":"page","link":"https:\/\/www.iparl.de\/en\/profil\/uns\/","title":{"rendered":"Our founding director"},"content":{"rendered":"<div data-elementor-type=\"wp-page\" data-elementor-id=\"1643\" class=\"elementor elementor-1643\" data-elementor-post-type=\"page\">\n\t\t\t\t\t\t<section class=\"ob-is-breaking-bad elementor-section elementor-top-section elementor-element elementor-element-e758b80 elementor-section-boxed elementor-section-height-default elementor-section-height-default\" data-id=\"e758b80\" data-element_type=\"section\" data-e-type=\"section\" data-settings=\"{&quot;jet_parallax_layout_list&quot;:[],&quot;_ob_bbad_use_it&quot;:&quot;yes&quot;,&quot;_ob_bbad_sssic_use&quot;:&quot;no&quot;}\">\n\t\t\t\t\t\t<div class=\"elementor-container elementor-column-gap-default\">\n\t\t\t\t\t<div class=\"elementor-column elementor-col-100 elementor-top-column elementor-element elementor-element-0635622\" data-id=\"0635622\" data-element_type=\"column\" data-e-type=\"column\" data-settings=\"{&quot;_ob_bbad_is_stalker&quot;:&quot;no&quot;}\">\n\t\t\t<div class=\"elementor-widget-wrap elementor-element-populated\">\n\t\t\t\t\t\t<div class=\"elementor-element elementor-element-e524366 elementor-widget elementor-widget-heading\" data-id=\"e524366\" data-element_type=\"widget\" data-e-type=\"widget\" data-settings=\"{&quot;_ob_widget_stalker_use&quot;:&quot;no&quot;}\" data-widget_type=\"heading.default\">\n\t\t\t\t<div class=\"elementor-widget-container\">\n\t\t\t\t\t<h1 class=\"elementor-heading-title elementor-size-default\">Our founding director<\/h1>\t\t\t\t<\/div>\n\t\t\t\t<\/div>\n\t\t\t\t<section class=\"ob-is-breaking-bad ob-bb-inner elementor-section elementor-inner-section elementor-element elementor-element-42cd4d0 elementor-section-boxed elementor-section-height-default elementor-section-height-default\" data-id=\"42cd4d0\" data-element_type=\"section\" data-e-type=\"section\" data-settings=\"{&quot;jet_parallax_layout_list&quot;:[],&quot;_ob_bbad_use_it&quot;:&quot;yes&quot;,&quot;_ob_bbad_sssic_use&quot;:&quot;no&quot;}\">\n\t\t\t\t\t\t<div class=\"elementor-container elementor-column-gap-default\">\n\t\t\t\t\t<div class=\"elementor-column elementor-col-50 elementor-inner-column elementor-element elementor-element-2b295d8\" data-id=\"2b295d8\" data-element_type=\"column\" data-e-type=\"column\" data-settings=\"{&quot;_ob_bbad_is_stalker&quot;:&quot;no&quot;}\">\n\t\t\t<div class=\"elementor-widget-wrap elementor-element-populated\">\n\t\t\t\t\t\t<div class=\"elementor-element elementor-element-55581e6 elementor-widget elementor-widget-text-editor\" data-id=\"55581e6\" data-element_type=\"widget\" data-e-type=\"widget\" data-settings=\"{&quot;_ob_widget_stalker_use&quot;:&quot;no&quot;}\" data-widget_type=\"text-editor.default\">\n\t\t\t\t<div class=\"elementor-widget-container\">\n\t\t\t\t\t\t\t\t\t<p>Since 2016, Prof Dr Suzanne S. Sch\u00fcttemeyer has built up the Institute for Parliamentary Research with tireless commitment and visionary foresight. Especially after her retirement as an emeritus professor in autumn 2018, she has succeeded in turning a young research institute into a centre for practice-oriented, academically-sound research on parliamentarism. At the same time, she ensured that the IParl quickly gained public recognition and a good reputation.<\/p><p>Based on an unparalleled understanding of the merits and processes of parliamentary representation, her passion has always been for a type of empirical research that aims at explaining the complexities of parliamentary democracy while having a close connection to practitioners. -\tIn this respect, Suzanne S. Sch\u00fcttemeyer is not only distinguished by her academic excellence, but also by her great service to representative democracy.<\/p><p>Her sensitive commitment to the people at the Institute has also been formative. With warmth and cordiality, she created an environment in which everyone felt comfortable and was able to grow both personally and professionally.<\/p><p>Suzanne S. Sch\u00fcttemeyer retired from the institute at the end of 2024. Her commitment to research that is close to reality and practice will continue to be a legacy and an aspiration for the IParl.<\/p><p>On behalf of the IParl team and the Foundation for Science and Democracy, we would like to thank Suzanne S. Sch\u00fcttemeyer from the bottom of our hearts for her outstanding achievements and lasting merits.<\/p>\t\t\t\t\t\t\t\t<\/div>\n\t\t\t\t<\/div>\n\t\t\t\t\t<\/div>\n\t\t<\/div>\n\t\t\t\t<div class=\"elementor-column elementor-col-50 elementor-inner-column elementor-element elementor-element-e1b8ac8\" data-id=\"e1b8ac8\" data-element_type=\"column\" data-e-type=\"column\" data-settings=\"{&quot;_ob_bbad_is_stalker&quot;:&quot;no&quot;}\">\n\t\t\t<div class=\"elementor-widget-wrap elementor-element-populated\">\n\t\t\t\t\t\t<div class=\"elementor-element elementor-element-d48e288 elementor-widget elementor-widget-image\" data-id=\"d48e288\" data-element_type=\"widget\" data-e-type=\"widget\" data-settings=\"{&quot;_ob_widget_stalker_use&quot;:&quot;no&quot;}\" data-widget_type=\"image.default\">\n\t\t\t\t<div class=\"elementor-widget-container\">\n\t\t\t\t\t\t\t\t\t\t\t\t\t\t\t<img fetchpriority=\"high\" decoding=\"async\" width=\"300\" height=\"300\" src=\"https:\/\/www.iparl.de\/wp-content\/uploads\/2025\/01\/Prof-Dr-Schuettemeyer-3d51ebe6.jpg\" class=\"attachment-large size-large wp-image-1647\" alt=\"\" srcset=\"https:\/\/www.iparl.de\/wp-content\/uploads\/2025\/01\/Prof-Dr-Schuettemeyer-3d51ebe6.jpg 300w, https:\/\/www.iparl.de\/wp-content\/uploads\/2025\/01\/Prof-Dr-Schuettemeyer-3d51ebe6-150x150.jpg 150w, https:\/\/www.iparl.de\/wp-content\/uploads\/2025\/01\/Prof-Dr-Schuettemeyer-3d51ebe6-12x12.jpg 12w\" sizes=\"(max-width: 300px) 100vw, 300px\" \/>\t\t\t\t\t\t\t\t\t\t\t\t\t\t\t<\/div>\n\t\t\t\t<\/div>\n\t\t\t\t\t<\/div>\n\t\t<\/div>\n\t\t\t\t\t<\/div>\n\t\t<\/section>\n\t\t\t\t\t<\/div>\n\t\t<\/div>\n\t\t\t\t\t<\/div>\n\t\t<\/section>\n\t\t\t\t<\/div>","protected":false},"excerpt":{"rendered":"<p>Unsere Gr\u00fcndungsdirektorin Prof. Dr. Suzanne S. Sch\u00fcttemeyer hat seit 2016 mit unerm\u00fcdlichem Engagement und vision\u00e4rem Weitblick das Institut f\u00fcr Parlamentarismusforschung aufgebaut. Insbesondere nach ihrer Emeritierung als Hochschullehrerin im Herbst 2018 hat sie es erreicht, aus einem jungen Forschungsinstitut ein in der Wissenschaft anerkanntes Zentrum f\u00fcr praxisorientierte Parlamentarismusforschung zu machen. Gleichzeitig hat sie daf\u00fcr gesorgt, dass [&hellip;]<\/p>\n","protected":false},"author":5,"featured_media":0,"parent":215,"menu_order":0,"comment_status":"closed","ping_status":"closed","template":"","meta":{"_acf_changed":false,"footnotes":""},"class_list":["post-1643","page","type-page","status-publish","hentry"],"acf":[],"yoast_head":"<!-- This site is optimized with the Yoast SEO plugin v27.2 - https:\/\/yoast.com\/product\/yoast-seo-wordpress\/ -->\n<title>Unsere Gr\u00fcndungsdirektorin - IParl<\/title>\n<meta name=\"robots\" content=\"index, follow, max-snippet:-1, max-image-preview:large, max-video-preview:-1\" \/>\n<link rel=\"canonical\" href=\"https:\/\/www.iparl.de\/en\/profile\/us\/\" \/>\n<meta property=\"og:locale\" content=\"en_GB\" \/>\n<meta property=\"og:type\" content=\"article\" \/>\n<meta property=\"og:title\" content=\"Unsere Gr\u00fcndungsdirektorin - IParl\" \/>\n<meta property=\"og:description\" content=\"Unsere Gr\u00fcndungsdirektorin Prof. Dr. Suzanne S. Sch\u00fcttemeyer hat seit 2016 mit unerm\u00fcdlichem Engagement und vision\u00e4rem Weitblick das Institut f\u00fcr Parlamentarismusforschung aufgebaut. Insbesondere nach ihrer Emeritierung als Hochschullehrerin im Herbst 2018 hat sie es erreicht, aus einem jungen Forschungsinstitut ein in der Wissenschaft anerkanntes Zentrum f\u00fcr praxisorientierte Parlamentarismusforschung zu machen. Gleichzeitig hat sie daf\u00fcr gesorgt, dass [&hellip;]\" \/>\n<meta property=\"og:url\" content=\"https:\/\/www.iparl.de\/en\/profile\/us\/\" \/>\n<meta property=\"og:site_name\" content=\"IParl\" \/>\n<meta property=\"article:modified_time\" content=\"2025-03-18T08:22:24+00:00\" \/>\n<meta property=\"og:image\" content=\"https:\/\/www.iparl.de\/wp-content\/uploads\/2025\/01\/Prof-Dr-Schuettemeyer-3d51ebe6.jpg\" \/>\n\t<meta property=\"og:image:width\" content=\"300\" \/>\n\t<meta property=\"og:image:height\" content=\"300\" \/>\n\t<meta property=\"og:image:type\" content=\"image\/jpeg\" \/>\n<meta name=\"twitter:card\" content=\"summary_large_image\" \/>\n<meta name=\"twitter:label1\" content=\"Estimated reading time\" \/>\n\t<meta name=\"twitter:data1\" content=\"2 minutes\" \/>\n<script type=\"application\/ld+json\" class=\"yoast-schema-graph\">{\"@context\":\"https:\/\/schema.org\",\"@graph\":[{\"@type\":\"WebPage\",\"@id\":\"https:\/\/www.iparl.de\/profil\/uns\/\",\"url\":\"https:\/\/www.iparl.de\/profil\/uns\/\",\"name\":\"Unsere Gr\u00fcndungsdirektorin - IParl\",\"isPartOf\":{\"@id\":\"https:\/\/www.iparl.de\/#website\"},\"primaryImageOfPage\":{\"@id\":\"https:\/\/www.iparl.de\/profil\/uns\/#primaryimage\"},\"image\":{\"@id\":\"https:\/\/www.iparl.de\/profil\/uns\/#primaryimage\"},\"thumbnailUrl\":\"https:\/\/www.iparl.de\/wp-content\/uploads\/2025\/01\/Prof-Dr-Schuettemeyer-3d51ebe6.jpg\",\"datePublished\":\"2025-01-02T12:30:33+00:00\",\"dateModified\":\"2025-03-18T08:22:24+00:00\",\"breadcrumb\":{\"@id\":\"https:\/\/www.iparl.de\/profil\/uns\/#breadcrumb\"},\"inLanguage\":\"en-GB\",\"potentialAction\":[{\"@type\":\"ReadAction\",\"target\":[\"https:\/\/www.iparl.de\/profil\/uns\/\"]}]},{\"@type\":\"ImageObject\",\"inLanguage\":\"en-GB\",\"@id\":\"https:\/\/www.iparl.de\/profil\/uns\/#primaryimage\",\"url\":\"https:\/\/www.iparl.de\/wp-content\/uploads\/2025\/01\/Prof-Dr-Schuettemeyer-3d51ebe6.jpg\",\"contentUrl\":\"https:\/\/www.iparl.de\/wp-content\/uploads\/2025\/01\/Prof-Dr-Schuettemeyer-3d51ebe6.jpg\"},{\"@type\":\"BreadcrumbList\",\"@id\":\"https:\/\/www.iparl.de\/profil\/uns\/#breadcrumb\",\"itemListElement\":[{\"@type\":\"ListItem\",\"position\":1,\"name\":\"Startseite\",\"item\":\"https:\/\/www.iparl.de\/\"},{\"@type\":\"ListItem\",\"position\":2,\"name\":\"Profil\",\"item\":\"https:\/\/www.iparl.de\/profil\/\"},{\"@type\":\"ListItem\",\"position\":3,\"name\":\"Unsere Gr\u00fcndungsdirektorin\"}]},{\"@type\":\"WebSite\",\"@id\":\"https:\/\/www.iparl.de\/#website\",\"url\":\"https:\/\/www.iparl.de\/\",\"name\":\"IParl\",\"description\":\"Institut f\u00fcr Parlamentarismusforschung (IParl)\",\"potentialAction\":[{\"@type\":\"SearchAction\",\"target\":{\"@type\":\"EntryPoint\",\"urlTemplate\":\"https:\/\/www.iparl.de\/?s={search_term_string}\"},\"query-input\":{\"@type\":\"PropertyValueSpecification\",\"valueRequired\":true,\"valueName\":\"search_term_string\"}}],\"inLanguage\":\"en-GB\"}]}<\/script>\n<!-- \/ Yoast SEO plugin. -->","yoast_head_json":{"title":"Our founding director - IParl","robots":{"index":"index","follow":"follow","max-snippet":"max-snippet:-1","max-image-preview":"max-image-preview:large","max-video-preview":"max-video-preview:-1"},"canonical":"https:\/\/www.iparl.de\/en\/profile\/us\/","og_locale":"en_GB","og_type":"article","og_title":"Unsere Gr\u00fcndungsdirektorin - IParl","og_description":"Unsere Gr\u00fcndungsdirektorin Prof. Dr. Suzanne S. Sch\u00fcttemeyer hat seit 2016 mit unerm\u00fcdlichem Engagement und vision\u00e4rem Weitblick das Institut f\u00fcr Parlamentarismusforschung aufgebaut. Insbesondere nach ihrer Emeritierung als Hochschullehrerin im Herbst 2018 hat sie es erreicht, aus einem jungen Forschungsinstitut ein in der Wissenschaft anerkanntes Zentrum f\u00fcr praxisorientierte Parlamentarismusforschung zu machen. Gleichzeitig hat sie daf\u00fcr gesorgt, dass [&hellip;]","og_url":"https:\/\/www.iparl.de\/en\/profile\/us\/","og_site_name":"IParl","article_modified_time":"2025-03-18T08:22:24+00:00","og_image":[{"width":300,"height":300,"url":"https:\/\/www.iparl.de\/wp-content\/uploads\/2025\/01\/Prof-Dr-Schuettemeyer-3d51ebe6.jpg","type":"image\/jpeg"}],"twitter_card":"summary_large_image","twitter_misc":{"Estimated reading time":"2 minutes"},"schema":{"@context":"https:\/\/schema.org","@graph":[{"@type":"WebPage","@id":"https:\/\/www.iparl.de\/profil\/uns\/","url":"https:\/\/www.iparl.de\/profil\/uns\/","name":"Our founding director - IParl","isPartOf":{"@id":"https:\/\/www.iparl.de\/#website"},"primaryImageOfPage":{"@id":"https:\/\/www.iparl.de\/profil\/uns\/#primaryimage"},"image":{"@id":"https:\/\/www.iparl.de\/profil\/uns\/#primaryimage"},"thumbnailUrl":"https:\/\/www.iparl.de\/wp-content\/uploads\/2025\/01\/Prof-Dr-Schuettemeyer-3d51ebe6.jpg","datePublished":"2025-01-02T12:30:33+00:00","dateModified":"2025-03-18T08:22:24+00:00","breadcrumb":{"@id":"https:\/\/www.iparl.de\/profil\/uns\/#breadcrumb"},"inLanguage":"en-GB","potentialAction":[{"@type":"ReadAction","target":["https:\/\/www.iparl.de\/profil\/uns\/"]}]},{"@type":"ImageObject","inLanguage":"en-GB","@id":"https:\/\/www.iparl.de\/profil\/uns\/#primaryimage","url":"https:\/\/www.iparl.de\/wp-content\/uploads\/2025\/01\/Prof-Dr-Schuettemeyer-3d51ebe6.jpg","contentUrl":"https:\/\/www.iparl.de\/wp-content\/uploads\/2025\/01\/Prof-Dr-Schuettemeyer-3d51ebe6.jpg"},{"@type":"BreadcrumbList","@id":"https:\/\/www.iparl.de\/profil\/uns\/#breadcrumb","itemListElement":[{"@type":"ListItem","position":1,"name":"Startseite","item":"https:\/\/www.iparl.de\/"},{"@type":"ListItem","position":2,"name":"Profil","item":"https:\/\/www.iparl.de\/profil\/"},{"@type":"ListItem","position":3,"name":"Unsere Gr\u00fcndungsdirektorin"}]},{"@type":"WebSite","@id":"https:\/\/www.iparl.de\/#website","url":"https:\/\/www.iparl.de\/","name":"IParl","description":"Institute for Parliamentary Research (IParl)","potentialAction":[{"@type":"SearchAction","target":{"@type":"EntryPoint","urlTemplate":"https:\/\/www.iparl.de\/?s={search_term_string}"},"query-input":{"@type":"PropertyValueSpecification","valueRequired":true,"valueName":"search_term_string"}}],"inLanguage":"en-GB"}]}},"_links":{"self":[{"href":"https:\/\/www.iparl.de\/en\/wp-json\/wp\/v2\/pages\/1643","targetHints":{"allow":["GET"]}}],"collection":[{"href":"https:\/\/www.iparl.de\/en\/wp-json\/wp\/v2\/pages"}],"about":[{"href":"https:\/\/www.iparl.de\/en\/wp-json\/wp\/v2\/types\/page"}],"author":[{"embeddable":true,"href":"https:\/\/www.iparl.de\/en\/wp-json\/wp\/v2\/users\/5"}],"replies":[{"embeddable":true,"href":"https:\/\/www.iparl.de\/en\/wp-json\/wp\/v2\/comments?post=1643"}],"version-history":[{"count":0,"href":"https:\/\/www.iparl.de\/en\/wp-json\/wp\/v2\/pages\/1643\/revisions"}],"up":[{"embeddable":true,"href":"https:\/\/www.iparl.de\/en\/wp-json\/wp\/v2\/pages\/215"}],"wp:attachment":[{"href":"https:\/\/www.iparl.de\/en\/wp-json\/wp\/v2\/media?parent=1643"}],"curies":[{"name":"wp","href":"https:\/\/api.w.org\/{rel}","templated":true}]}}