{"id":1529,"date":"2024-12-20T10:11:14","date_gmt":"2024-12-20T09:11:14","guid":{"rendered":"https:\/\/wp.iparl.de\/?page_id=1529"},"modified":"2025-06-25T10:28:03","modified_gmt":"2025-06-25T08:28:03","slug":"candidate-selection","status":"publish","type":"page","link":"https:\/\/www.iparl.de\/en\/unsere-arbeit\/forschung\/kandidatenaufstellung\/","title":{"rendered":"Candidate selection"},"content":{"rendered":"<div data-elementor-type=\"wp-page\" data-elementor-id=\"1529\" class=\"elementor elementor-1529\" data-elementor-post-type=\"page\">\n\t\t\t\t\t\t<section class=\"ob-is-breaking-bad elementor-section elementor-top-section elementor-element elementor-element-2480a22 elementor-section-boxed elementor-section-height-default elementor-section-height-default\" data-id=\"2480a22\" data-element_type=\"section\" data-e-type=\"section\" data-settings=\"{&quot;jet_parallax_layout_list&quot;:[],&quot;_ob_bbad_use_it&quot;:&quot;yes&quot;,&quot;_ob_bbad_sssic_use&quot;:&quot;no&quot;}\">\n\t\t\t\t\t\t<div class=\"elementor-container elementor-column-gap-default\">\n\t\t\t\t\t<div class=\"elementor-column elementor-col-100 elementor-top-column elementor-element elementor-element-8e4cd0a\" data-id=\"8e4cd0a\" data-element_type=\"column\" data-e-type=\"column\" data-settings=\"{&quot;_ob_bbad_is_stalker&quot;:&quot;no&quot;}\">\n\t\t\t<div class=\"elementor-widget-wrap elementor-element-populated\">\n\t\t\t\t\t\t<div class=\"elementor-element elementor-element-bb11658 elementor-widget elementor-widget-heading\" data-id=\"bb11658\" data-element_type=\"widget\" data-e-type=\"widget\" data-settings=\"{&quot;_ob_widget_stalker_use&quot;:&quot;no&quot;}\" data-widget_type=\"heading.default\">\n\t\t\t\t<div class=\"elementor-widget-container\">\n\t\t\t\t\t<h1 class=\"elementor-heading-title elementor-size-default\">Candidate selection<\/h1>\t\t\t\t<\/div>\n\t\t\t\t<\/div>\n\t\t\t\t<div class=\"elementor-element elementor-element-21eab66 elementor-widget elementor-widget-text-editor\" data-id=\"21eab66\" data-element_type=\"widget\" data-e-type=\"widget\" data-settings=\"{&quot;_ob_widget_stalker_use&quot;:&quot;no&quot;}\" data-widget_type=\"text-editor.default\">\n\t\t\t\t<div class=\"elementor-widget-container\">\n\t\t\t\t\t\t\t\t\t<p>The Institute for Parliamentary Research analyses the nomination of candidates for the German Bundestag over several electoral periods.\u00a0<\/p>\t\t\t\t\t\t\t\t<\/div>\n\t\t\t\t<\/div>\n\t\t\t\t<section class=\"ob-is-breaking-bad ob-bb-inner elementor-section elementor-inner-section elementor-element elementor-element-d98ba13 elementor-section-boxed elementor-section-height-default elementor-section-height-default\" data-id=\"d98ba13\" data-element_type=\"section\" data-e-type=\"section\" data-settings=\"{&quot;jet_parallax_layout_list&quot;:[],&quot;_ob_bbad_use_it&quot;:&quot;yes&quot;,&quot;_ob_bbad_sssic_use&quot;:&quot;no&quot;}\">\n\t\t\t\t\t\t<div class=\"elementor-container elementor-column-gap-default\">\n\t\t\t\t\t<div class=\"elementor-column elementor-col-50 elementor-inner-column elementor-element elementor-element-a228160\" data-id=\"a228160\" data-element_type=\"column\" data-e-type=\"column\" data-settings=\"{&quot;_ob_bbad_is_stalker&quot;:&quot;no&quot;}\">\n\t\t\t<div class=\"elementor-widget-wrap elementor-element-populated\">\n\t\t\t\t\t\t<div class=\"elementor-element elementor-element-d8bff0f elementor-widget elementor-widget-image\" data-id=\"d8bff0f\" data-element_type=\"widget\" data-e-type=\"widget\" data-settings=\"{&quot;_ob_widget_stalker_use&quot;:&quot;no&quot;}\" data-widget_type=\"image.default\">\n\t\t\t\t<div class=\"elementor-widget-container\">\n\t\t\t\t\t\t\t\t\t\t\t\t\t\t\t\t<a href=\"https:\/\/www.iparl.de\/en\/research\/candidate-selection\/list-of-candidates\/\">\n\t\t\t\t\t\t\t<img fetchpriority=\"high\" decoding=\"async\" width=\"800\" height=\"534\" src=\"https:\/\/www.iparl.de\/wp-content\/uploads\/2024\/12\/DSC_8425-1024x683.jpg\" class=\"attachment-large size-large wp-image-1539\" alt=\"\" srcset=\"https:\/\/www.iparl.de\/wp-content\/uploads\/2024\/12\/DSC_8425-1024x683.jpg 1024w, https:\/\/www.iparl.de\/wp-content\/uploads\/2024\/12\/DSC_8425-300x200.jpg 300w, https:\/\/www.iparl.de\/wp-content\/uploads\/2024\/12\/DSC_8425-768x512.jpg 768w, https:\/\/www.iparl.de\/wp-content\/uploads\/2024\/12\/DSC_8425-1536x1024.jpg 1536w, https:\/\/www.iparl.de\/wp-content\/uploads\/2024\/12\/DSC_8425-2048x1365.jpg 2048w, https:\/\/www.iparl.de\/wp-content\/uploads\/2024\/12\/DSC_8425-18x12.jpg 18w\" sizes=\"(max-width: 800px) 100vw, 800px\" \/>\t\t\t\t\t\t\t\t<\/a>\n\t\t\t\t\t\t\t\t\t\t\t\t\t\t\t<\/div>\n\t\t\t\t<\/div>\n\t\t\t\t\t<\/div>\n\t\t<\/div>\n\t\t\t\t<div class=\"elementor-column elementor-col-50 elementor-inner-column elementor-element elementor-element-a3d5278\" data-id=\"a3d5278\" data-element_type=\"column\" data-e-type=\"column\" data-settings=\"{&quot;_ob_bbad_is_stalker&quot;:&quot;no&quot;}\">\n\t\t\t<div class=\"elementor-widget-wrap elementor-element-populated\">\n\t\t\t\t\t\t<div class=\"elementor-element elementor-element-11da683 elementor-widget elementor-widget-text-editor\" data-id=\"11da683\" data-element_type=\"widget\" data-e-type=\"widget\" data-settings=\"{&quot;_ob_widget_stalker_use&quot;:&quot;no&quot;}\" data-widget_type=\"text-editor.default\">\n\t\t\t\t<div class=\"elementor-widget-container\">\n\t\t\t\t\t\t\t\t\t<p><a href=\"https:\/\/www.iparl.de\/en\/our-work\/research\/candidate-selection\/list-of-candidates\/\"><strong>Candidate selection for the 2017 Bundestag election<\/strong><\/a><\/p><p>In its first research project, IParl analysed the candidate selection for the 2017 Bundestag elections.<\/p>\t\t\t\t\t\t\t\t<\/div>\n\t\t\t\t<\/div>\n\t\t\t\t\t<\/div>\n\t\t<\/div>\n\t\t\t\t\t<\/div>\n\t\t<\/section>\n\t\t\t\t<section class=\"ob-is-breaking-bad ob-bb-inner elementor-section elementor-inner-section elementor-element elementor-element-8da46f5 elementor-section-boxed elementor-section-height-default elementor-section-height-default\" data-id=\"8da46f5\" data-element_type=\"section\" data-e-type=\"section\" data-settings=\"{&quot;jet_parallax_layout_list&quot;:[],&quot;_ob_bbad_use_it&quot;:&quot;yes&quot;,&quot;_ob_bbad_sssic_use&quot;:&quot;no&quot;}\">\n\t\t\t\t\t\t<div class=\"elementor-container elementor-column-gap-default\">\n\t\t\t\t\t<div class=\"elementor-column elementor-col-50 elementor-inner-column elementor-element elementor-element-c9e3b52\" data-id=\"c9e3b52\" data-element_type=\"column\" data-e-type=\"column\" data-settings=\"{&quot;_ob_bbad_is_stalker&quot;:&quot;no&quot;}\">\n\t\t\t<div class=\"elementor-widget-wrap elementor-element-populated\">\n\t\t\t\t\t\t<div class=\"elementor-element elementor-element-a8ee773 elementor-widget elementor-widget-image\" data-id=\"a8ee773\" data-element_type=\"widget\" data-e-type=\"widget\" data-settings=\"{&quot;_ob_widget_stalker_use&quot;:&quot;no&quot;}\" data-widget_type=\"image.default\">\n\t\t\t\t<div class=\"elementor-widget-container\">\n\t\t\t\t\t\t\t\t\t\t\t\t\t\t\t\t<a href=\"https:\/\/www.iparl.de\/en\/research\/candidate-selection\/list-of-candidates-4\/\">\n\t\t\t\t\t\t\t<img decoding=\"async\" width=\"509\" height=\"339\" src=\"https:\/\/www.iparl.de\/wp-content\/uploads\/2025\/03\/iStock-1355684741.jpg\" class=\"attachment-large size-large wp-image-4164\" alt=\"\" srcset=\"https:\/\/www.iparl.de\/wp-content\/uploads\/2025\/03\/iStock-1355684741.jpg 509w, https:\/\/www.iparl.de\/wp-content\/uploads\/2025\/03\/iStock-1355684741-300x200.jpg 300w, https:\/\/www.iparl.de\/wp-content\/uploads\/2025\/03\/iStock-1355684741-18x12.jpg 18w\" sizes=\"(max-width: 509px) 100vw, 509px\" \/>\t\t\t\t\t\t\t\t<\/a>\n\t\t\t\t\t\t\t\t\t\t\t\t\t\t\t<\/div>\n\t\t\t\t<\/div>\n\t\t\t\t\t<\/div>\n\t\t<\/div>\n\t\t\t\t<div class=\"elementor-column elementor-col-50 elementor-inner-column elementor-element elementor-element-d606111\" data-id=\"d606111\" data-element_type=\"column\" data-e-type=\"column\" data-settings=\"{&quot;_ob_bbad_is_stalker&quot;:&quot;no&quot;}\">\n\t\t\t<div class=\"elementor-widget-wrap elementor-element-populated\">\n\t\t\t\t\t\t<div class=\"elementor-element elementor-element-53c4ec0 elementor-widget elementor-widget-text-editor\" data-id=\"53c4ec0\" data-element_type=\"widget\" data-e-type=\"widget\" data-settings=\"{&quot;_ob_widget_stalker_use&quot;:&quot;no&quot;}\" data-widget_type=\"text-editor.default\">\n\t\t\t\t<div class=\"elementor-widget-container\">\n\t\t\t\t\t\t\t\t\t<p><strong><a href=\"https:\/\/www.iparl.de\/en\/our-work\/research\/candidate-selection\/list-of-candidates-4\/\">Candidate selection for the 2025 Bundestag election<\/a><\/strong><\/p><p>The project examines the temporal organisation of the nomination process in more detail in order to identify intra-party and geographical similarities and differences.\u00a0<\/p>\t\t\t\t\t\t\t\t<\/div>\n\t\t\t\t<\/div>\n\t\t\t\t\t<\/div>\n\t\t<\/div>\n\t\t\t\t\t<\/div>\n\t\t<\/section>\n\t\t\t\t\t<\/div>\n\t\t<\/div>\n\t\t\t\t\t<\/div>\n\t\t<\/section>\n\t\t\t\t<section class=\"ob-is-breaking-bad elementor-section elementor-top-section elementor-element elementor-element-3ba358c elementor-section-boxed elementor-section-height-default elementor-section-height-default\" data-id=\"3ba358c\" data-element_type=\"section\" data-e-type=\"section\" data-settings=\"{&quot;jet_parallax_layout_list&quot;:[],&quot;_ob_bbad_use_it&quot;:&quot;yes&quot;,&quot;_ob_bbad_sssic_use&quot;:&quot;no&quot;}\">\n\t\t\t\t\t\t<div class=\"elementor-container elementor-column-gap-default\">\n\t\t\t\t\t<div class=\"elementor-column elementor-col-50 elementor-top-column elementor-element elementor-element-9b85fd8\" data-id=\"9b85fd8\" data-element_type=\"column\" data-e-type=\"column\" data-settings=\"{&quot;_ob_bbad_is_stalker&quot;:&quot;no&quot;}\">\n\t\t\t<div class=\"elementor-widget-wrap\">\n\t\t\t\t\t\t\t<\/div>\n\t\t<\/div>\n\t\t\t\t<div class=\"elementor-column elementor-col-50 elementor-top-column elementor-element elementor-element-c18fff4\" data-id=\"c18fff4\" data-element_type=\"column\" data-e-type=\"column\" data-settings=\"{&quot;_ob_bbad_is_stalker&quot;:&quot;no&quot;}\">\n\t\t\t<div class=\"elementor-widget-wrap\">\n\t\t\t\t\t\t\t<\/div>\n\t\t<\/div>\n\t\t\t\t\t<\/div>\n\t\t<\/section>\n\t\t\t\t<\/div>","protected":false},"excerpt":{"rendered":"<p>Kandidatenaufstellung Das Institut f\u00fcr Parlamentarismusforschung untersucht die Kandidatenaufstellung f\u00fcr den Deutschen Bundestag \u00fcber mehrere Wahlperioden hinweg.\u00a0 Kandidatenaufstellung zur Bundestagswahl 2017 Das IParl untersucht in seinem ersten Forschungsprojekt die Kandidatenaufstellung zur Bundestagswahl 2017 in den Bundestagsparteien CDU, CSU, SPD, DIE LINKE und B\u00dcNDNIS 90\/DIE GR\u00dcNEN, FDP und AfD. Kandidatenaufstellung zur Bundestagswahl 2025 Das Projekt untersucht die [&hellip;]<\/p>\n","protected":false},"author":5,"featured_media":0,"parent":217,"menu_order":0,"comment_status":"closed","ping_status":"closed","template":"","meta":{"_acf_changed":false,"footnotes":""},"class_list":["post-1529","page","type-page","status-publish","hentry"],"acf":[],"yoast_head":"<!-- This site is optimized with the Yoast SEO plugin v27.2 - https:\/\/yoast.com\/product\/yoast-seo-wordpress\/ -->\n<title>Kandidatenaufstellung - IParl<\/title>\n<meta name=\"robots\" content=\"index, follow, max-snippet:-1, max-image-preview:large, max-video-preview:-1\" \/>\n<link rel=\"canonical\" href=\"https:\/\/www.iparl.de\/en\/our-work\/research\/candidate-selection\/\" \/>\n<meta property=\"og:locale\" content=\"en_GB\" \/>\n<meta property=\"og:type\" content=\"article\" \/>\n<meta property=\"og:title\" content=\"Kandidatenaufstellung - IParl\" \/>\n<meta property=\"og:description\" content=\"Kandidatenaufstellung Das Institut f\u00fcr Parlamentarismusforschung untersucht die Kandidatenaufstellung f\u00fcr den Deutschen Bundestag \u00fcber mehrere Wahlperioden hinweg.\u00a0 Kandidatenaufstellung zur Bundestagswahl 2017 Das IParl untersucht in seinem ersten Forschungsprojekt die Kandidatenaufstellung zur Bundestagswahl 2017 in den Bundestagsparteien CDU, CSU, SPD, DIE LINKE und B\u00dcNDNIS 90\/DIE GR\u00dcNEN, FDP und AfD. Kandidatenaufstellung zur Bundestagswahl 2025 Das Projekt untersucht die [&hellip;]\" \/>\n<meta property=\"og:url\" content=\"https:\/\/www.iparl.de\/en\/our-work\/research\/candidate-selection\/\" \/>\n<meta property=\"og:site_name\" content=\"IParl\" \/>\n<meta property=\"article:modified_time\" content=\"2025-06-25T08:28:03+00:00\" \/>\n<meta property=\"og:image\" content=\"https:\/\/www.iparl.de\/wp-content\/uploads\/2024\/12\/DSC_8425-scaled.jpg\" \/>\n\t<meta property=\"og:image:width\" content=\"2560\" \/>\n\t<meta property=\"og:image:height\" content=\"1706\" \/>\n\t<meta property=\"og:image:type\" content=\"image\/jpeg\" \/>\n<meta name=\"twitter:card\" content=\"summary_large_image\" \/>\n<meta name=\"twitter:label1\" content=\"Estimated reading time\" \/>\n\t<meta name=\"twitter:data1\" content=\"1 minute\" \/>\n<script type=\"application\/ld+json\" class=\"yoast-schema-graph\">{\"@context\":\"https:\/\/schema.org\",\"@graph\":[{\"@type\":\"WebPage\",\"@id\":\"https:\/\/www.iparl.de\/unsere-arbeit\/forschung\/kandidatenaufstellung\/\",\"url\":\"https:\/\/www.iparl.de\/unsere-arbeit\/forschung\/kandidatenaufstellung\/\",\"name\":\"Kandidatenaufstellung - IParl\",\"isPartOf\":{\"@id\":\"https:\/\/www.iparl.de\/#website\"},\"primaryImageOfPage\":{\"@id\":\"https:\/\/www.iparl.de\/unsere-arbeit\/forschung\/kandidatenaufstellung\/#primaryimage\"},\"image\":{\"@id\":\"https:\/\/www.iparl.de\/unsere-arbeit\/forschung\/kandidatenaufstellung\/#primaryimage\"},\"thumbnailUrl\":\"https:\/\/www.iparl.de\/wp-content\/uploads\/2024\/12\/DSC_8425-1024x683.jpg\",\"datePublished\":\"2024-12-20T09:11:14+00:00\",\"dateModified\":\"2025-06-25T08:28:03+00:00\",\"breadcrumb\":{\"@id\":\"https:\/\/www.iparl.de\/unsere-arbeit\/forschung\/kandidatenaufstellung\/#breadcrumb\"},\"inLanguage\":\"en-GB\",\"potentialAction\":[{\"@type\":\"ReadAction\",\"target\":[\"https:\/\/www.iparl.de\/unsere-arbeit\/forschung\/kandidatenaufstellung\/\"]}]},{\"@type\":\"ImageObject\",\"inLanguage\":\"en-GB\",\"@id\":\"https:\/\/www.iparl.de\/unsere-arbeit\/forschung\/kandidatenaufstellung\/#primaryimage\",\"url\":\"https:\/\/www.iparl.de\/wp-content\/uploads\/2024\/12\/DSC_8425-1024x683.jpg\",\"contentUrl\":\"https:\/\/www.iparl.de\/wp-content\/uploads\/2024\/12\/DSC_8425-1024x683.jpg\"},{\"@type\":\"BreadcrumbList\",\"@id\":\"https:\/\/www.iparl.de\/unsere-arbeit\/forschung\/kandidatenaufstellung\/#breadcrumb\",\"itemListElement\":[{\"@type\":\"ListItem\",\"position\":1,\"name\":\"Startseite\",\"item\":\"https:\/\/www.iparl.de\/\"},{\"@type\":\"ListItem\",\"position\":2,\"name\":\"Unsere Arbeit\",\"item\":\"https:\/\/www.iparl.de\/unsere-arbeit\/\"},{\"@type\":\"ListItem\",\"position\":3,\"name\":\"Forschungsprojekte\",\"item\":\"https:\/\/www.iparl.de\/unsere-arbeit\/forschung\/\"},{\"@type\":\"ListItem\",\"position\":4,\"name\":\"Kandidatenaufstellung\"}]},{\"@type\":\"WebSite\",\"@id\":\"https:\/\/www.iparl.de\/#website\",\"url\":\"https:\/\/www.iparl.de\/\",\"name\":\"IParl\",\"description\":\"Institut f\u00fcr Parlamentarismusforschung (IParl)\",\"potentialAction\":[{\"@type\":\"SearchAction\",\"target\":{\"@type\":\"EntryPoint\",\"urlTemplate\":\"https:\/\/www.iparl.de\/?s={search_term_string}\"},\"query-input\":{\"@type\":\"PropertyValueSpecification\",\"valueRequired\":true,\"valueName\":\"search_term_string\"}}],\"inLanguage\":\"en-GB\"}]}<\/script>\n<!-- \/ Yoast SEO plugin. -->","yoast_head_json":{"title":"Candidate line-up - IParl","robots":{"index":"index","follow":"follow","max-snippet":"max-snippet:-1","max-image-preview":"max-image-preview:large","max-video-preview":"max-video-preview:-1"},"canonical":"https:\/\/www.iparl.de\/en\/our-work\/research\/candidate-selection\/","og_locale":"en_GB","og_type":"article","og_title":"Kandidatenaufstellung - IParl","og_description":"Kandidatenaufstellung Das Institut f\u00fcr Parlamentarismusforschung untersucht die Kandidatenaufstellung f\u00fcr den Deutschen Bundestag \u00fcber mehrere Wahlperioden hinweg.\u00a0 Kandidatenaufstellung zur Bundestagswahl 2017 Das IParl untersucht in seinem ersten Forschungsprojekt die Kandidatenaufstellung zur Bundestagswahl 2017 in den Bundestagsparteien CDU, CSU, SPD, DIE LINKE und B\u00dcNDNIS 90\/DIE GR\u00dcNEN, FDP und AfD. Kandidatenaufstellung zur Bundestagswahl 2025 Das Projekt untersucht die [&hellip;]","og_url":"https:\/\/www.iparl.de\/en\/our-work\/research\/candidate-selection\/","og_site_name":"IParl","article_modified_time":"2025-06-25T08:28:03+00:00","og_image":[{"width":2560,"height":1706,"url":"https:\/\/www.iparl.de\/wp-content\/uploads\/2024\/12\/DSC_8425-scaled.jpg","type":"image\/jpeg"}],"twitter_card":"summary_large_image","twitter_misc":{"Estimated reading time":"1 minute"},"schema":{"@context":"https:\/\/schema.org","@graph":[{"@type":"WebPage","@id":"https:\/\/www.iparl.de\/unsere-arbeit\/forschung\/kandidatenaufstellung\/","url":"https:\/\/www.iparl.de\/unsere-arbeit\/forschung\/kandidatenaufstellung\/","name":"Candidate line-up - IParl","isPartOf":{"@id":"https:\/\/www.iparl.de\/#website"},"primaryImageOfPage":{"@id":"https:\/\/www.iparl.de\/unsere-arbeit\/forschung\/kandidatenaufstellung\/#primaryimage"},"image":{"@id":"https:\/\/www.iparl.de\/unsere-arbeit\/forschung\/kandidatenaufstellung\/#primaryimage"},"thumbnailUrl":"https:\/\/www.iparl.de\/wp-content\/uploads\/2024\/12\/DSC_8425-1024x683.jpg","datePublished":"2024-12-20T09:11:14+00:00","dateModified":"2025-06-25T08:28:03+00:00","breadcrumb":{"@id":"https:\/\/www.iparl.de\/unsere-arbeit\/forschung\/kandidatenaufstellung\/#breadcrumb"},"inLanguage":"en-GB","potentialAction":[{"@type":"ReadAction","target":["https:\/\/www.iparl.de\/unsere-arbeit\/forschung\/kandidatenaufstellung\/"]}]},{"@type":"ImageObject","inLanguage":"en-GB","@id":"https:\/\/www.iparl.de\/unsere-arbeit\/forschung\/kandidatenaufstellung\/#primaryimage","url":"https:\/\/www.iparl.de\/wp-content\/uploads\/2024\/12\/DSC_8425-1024x683.jpg","contentUrl":"https:\/\/www.iparl.de\/wp-content\/uploads\/2024\/12\/DSC_8425-1024x683.jpg"},{"@type":"BreadcrumbList","@id":"https:\/\/www.iparl.de\/unsere-arbeit\/forschung\/kandidatenaufstellung\/#breadcrumb","itemListElement":[{"@type":"ListItem","position":1,"name":"Startseite","item":"https:\/\/www.iparl.de\/"},{"@type":"ListItem","position":2,"name":"Unsere Arbeit","item":"https:\/\/www.iparl.de\/unsere-arbeit\/"},{"@type":"ListItem","position":3,"name":"Forschungsprojekte","item":"https:\/\/www.iparl.de\/unsere-arbeit\/forschung\/"},{"@type":"ListItem","position":4,"name":"Kandidatenaufstellung"}]},{"@type":"WebSite","@id":"https:\/\/www.iparl.de\/#website","url":"https:\/\/www.iparl.de\/","name":"IParl","description":"Institute for Parliamentary Research (IParl)","potentialAction":[{"@type":"SearchAction","target":{"@type":"EntryPoint","urlTemplate":"https:\/\/www.iparl.de\/?s={search_term_string}"},"query-input":{"@type":"PropertyValueSpecification","valueRequired":true,"valueName":"search_term_string"}}],"inLanguage":"en-GB"}]}},"_links":{"self":[{"href":"https:\/\/www.iparl.de\/en\/wp-json\/wp\/v2\/pages\/1529","targetHints":{"allow":["GET"]}}],"collection":[{"href":"https:\/\/www.iparl.de\/en\/wp-json\/wp\/v2\/pages"}],"about":[{"href":"https:\/\/www.iparl.de\/en\/wp-json\/wp\/v2\/types\/page"}],"author":[{"embeddable":true,"href":"https:\/\/www.iparl.de\/en\/wp-json\/wp\/v2\/users\/5"}],"replies":[{"embeddable":true,"href":"https:\/\/www.iparl.de\/en\/wp-json\/wp\/v2\/comments?post=1529"}],"version-history":[{"count":9,"href":"https:\/\/www.iparl.de\/en\/wp-json\/wp\/v2\/pages\/1529\/revisions"}],"predecessor-version":[{"id":5527,"href":"https:\/\/www.iparl.de\/en\/wp-json\/wp\/v2\/pages\/1529\/revisions\/5527"}],"up":[{"embeddable":true,"href":"https:\/\/www.iparl.de\/en\/wp-json\/wp\/v2\/pages\/217"}],"wp:attachment":[{"href":"https:\/\/www.iparl.de\/en\/wp-json\/wp\/v2\/media?parent=1529"}],"curies":[{"name":"wp","href":"https:\/\/api.w.org\/{rel}","templated":true}]}}